{"id":1061,"date":"2025-11-18T15:07:31","date_gmt":"2025-11-18T14:07:31","guid":{"rendered":"https:\/\/canquera.strateges.fr\/el-celler\/"},"modified":"2026-04-08T15:49:59","modified_gmt":"2026-04-08T13:49:59","slug":"el-domini","status":"publish","type":"page","link":"https:\/\/canquera.strateges.fr\/ca\/el-domini\/","title":{"rendered":"El Domini"},"content":{"rendered":"\n<div class=\"wp-block-group alignwide is-layout-flow wp-block-group-is-layout-flow\" style=\"padding-top:0;padding-bottom:0\">\n<div class=\"wp-block-columns is-layout-flex wp-container-core-columns-is-layout-28f84493 wp-block-columns-is-layout-flex\">\n<div class=\"wp-block-column is-vertically-aligned-top  gbvc-hide-on-mobile is-layout-flow wp-block-column-is-layout-flow\" style=\"flex-basis:40%\">\n<figure class=\"wp-block-image size-large wp-container-content-dc435e0d\" style=\"margin-bottom:var(--wp--preset--spacing--80)\"><img loading=\"lazy\" decoding=\"async\" width=\"1024\" height=\"1024\" src=\"https:\/\/canquera.strateges.fr\/wp-content\/uploads\/2025\/12\/can-quera-le-cirque-01-1024x1024.jpg\" alt=\"\" class=\"wp-image-378\" srcset=\"https:\/\/canquera.strateges.fr\/wp-content\/uploads\/2025\/12\/can-quera-le-cirque-01-1024x1024.jpg 1024w, https:\/\/canquera.strateges.fr\/wp-content\/uploads\/2025\/12\/can-quera-le-cirque-01-300x300.jpg 300w, https:\/\/canquera.strateges.fr\/wp-content\/uploads\/2025\/12\/can-quera-le-cirque-01-150x150.jpg 150w, https:\/\/canquera.strateges.fr\/wp-content\/uploads\/2025\/12\/can-quera-le-cirque-01-768x768.jpg 768w, https:\/\/canquera.strateges.fr\/wp-content\/uploads\/2025\/12\/can-quera-le-cirque-01-600x600.jpg 600w, https:\/\/canquera.strateges.fr\/wp-content\/uploads\/2025\/12\/can-quera-le-cirque-01-100x100.jpg 100w, https:\/\/canquera.strateges.fr\/wp-content\/uploads\/2025\/12\/can-quera-le-cirque-01.jpg 1168w\" sizes=\"auto, (max-width: 1024px) 100vw, 1024px\" \/><\/figure>\n<\/div>\n\n\n\n<div class=\"wp-block-column is-vertically-aligned-bottom is-layout-flow wp-block-column-is-layout-flow\" style=\"flex-basis:60%\">\n<div class=\"wp-block-group wp-container-content-9e2f13cb has-global-padding is-content-justification-left is-layout-constrained wp-container-core-group-is-layout-74cbbf86 wp-block-group-is-layout-constrained\">\n<h2 class=\"wp-block-heading animated fadeIn delay-200ms\">El Circ dels Pirineus<\/h2>\n\n\n\n<p class=\"animated fadeIn delay-500ms\">Situat a <strong>Catalunya<\/strong>, als municipis de <strong>La Vajol<\/strong> i <strong>Agullana<\/strong>, a nom\u00e9s 8 quil\u00f2metres de <strong>La Jonquera<\/strong>, la finca s&#8217;est\u00e9n per gaireb\u00e9 <strong>200 hect\u00e0rees, entre 500 i 900 metres d&#8217;altitud<\/strong>, a les portes de la frontera francesa. Aquest vast territori est\u00e0 essencialment cobert d&#8217;alzines, roures, sureres i castanyers, formant un entorn natural preservat i aut\u00e8ntic. La finca es compon de dues entitats adjacents, <strong>Can Quera<\/strong> i <strong>Can Comaulis<\/strong>, les edificacions de les quals, constru\u00efdes \u00edntegrament amb pedra gran\u00edtica, s\u00f3n t\u00edpiques de l&#8217;arquitectura local. A la casa principal, algunes llindes testimonien construccions que daten del 1644, cosa que suggereix una hist\u00f2ria encara m\u00e9s antiga.   <\/p>\n\n\n\n<p>La finca dibuixa un veritable <strong>circ natural en forma de mitja lluna<\/strong>, orientat al sud al vessant dels Pirineus. Aquesta configuraci\u00f3 geogr\u00e0fica ofereix una protecci\u00f3 natural contra la <strong>tramuntana<\/strong>, vent fred vingut del nord. Per contra, els edificis s&#8217;obren \u00e0mpliament a una <strong>vista espectacular sobre el mar i la badia de Roses<\/strong>, creant un contrast sorprenent entre muntanya i Mediterr\u00e0nia.  <\/p>\n\n\n\n<p class=\"animated fadeIn delay-500ms\">Cada mat\u00ed, a partir del mes de setembre, la finca es desperta al ritme de <strong>magn\u00edfics capvespres<\/strong>, oferint un espectacle diari que subratlla el car\u00e0cter \u00fanic i privilegiat d&#8217;aquest lloc atemporal.<\/p>\n<\/div>\n<\/div>\n\n\n\n<div class=\"wp-block-column is-vertically-aligned-top  gbvc-hide-on-tablet gbvc-hide-on-desktop is-layout-flow wp-block-column-is-layout-flow\" style=\"flex-basis:40%\">\n<figure class=\"wp-block-image size-large wp-container-content-dc435e0d\" style=\"margin-bottom:var(--wp--preset--spacing--80)\"><img loading=\"lazy\" decoding=\"async\" width=\"1024\" height=\"1024\" src=\"https:\/\/canquera.strateges.fr\/wp-content\/uploads\/2025\/12\/can-quera-le-cirque-01-1024x1024.jpg\" alt=\"\" class=\"wp-image-378\" srcset=\"https:\/\/canquera.strateges.fr\/wp-content\/uploads\/2025\/12\/can-quera-le-cirque-01-1024x1024.jpg 1024w, https:\/\/canquera.strateges.fr\/wp-content\/uploads\/2025\/12\/can-quera-le-cirque-01-300x300.jpg 300w, https:\/\/canquera.strateges.fr\/wp-content\/uploads\/2025\/12\/can-quera-le-cirque-01-150x150.jpg 150w, https:\/\/canquera.strateges.fr\/wp-content\/uploads\/2025\/12\/can-quera-le-cirque-01-768x768.jpg 768w, https:\/\/canquera.strateges.fr\/wp-content\/uploads\/2025\/12\/can-quera-le-cirque-01-600x600.jpg 600w, https:\/\/canquera.strateges.fr\/wp-content\/uploads\/2025\/12\/can-quera-le-cirque-01-100x100.jpg 100w, https:\/\/canquera.strateges.fr\/wp-content\/uploads\/2025\/12\/can-quera-le-cirque-01.jpg 1168w\" sizes=\"auto, (max-width: 1024px) 100vw, 1024px\" \/><\/figure>\n<\/div>\n<\/div>\n<\/div>\n\n<div class=\"wp-block-group alignwide animated fadeIn o-anim-offset-200px has-global-padding is-layout-constrained wp-block-group-is-layout-constrained\">\n<div class=\"wp-block-columns alignwide is-layout-flex wp-container-core-columns-is-layout-9c22b1e3 wp-block-columns-is-layout-flex\">\n<div class=\"wp-block-column is-vertically-aligned-center is-layout-flow wp-block-column-is-layout-flow\" style=\"flex-basis:40%\">\n<h3 class=\"wp-block-heading\" style=\"border-bottom-width:2px;margin-top:0;margin-right:-60px;margin-bottom:0;padding-top:var(--wp--preset--spacing--30);padding-bottom:var(--wp--preset--spacing--20)\">2019<\/h3>\n\n\n\n<p style=\"margin-top:var(--wp--preset--spacing--20)\">Descoberta i adquisici\u00f3<\/p>\n\n\n\n<h3 class=\"wp-block-heading\" style=\"border-bottom-width:2px;margin-top:var(--wp--preset--spacing--30);margin-right:-60px;margin-bottom:var(--wp--preset--spacing--20)\">2020-21<\/h3>\n\n\n\n<p style=\"margin-top:var(--wp--preset--spacing--20)\">Renaixement de les terrasses<\/p>\n\n\n\n<h3 class=\"wp-block-heading o-anim-value-delay-800ms\" style=\"border-bottom-width:2px;margin-top:0;margin-right:-60px;margin-bottom:0;padding-top:var(--wp--preset--spacing--30);padding-bottom:var(--wp--preset--spacing--20)\">2025<\/h3>\n\n\n\n<p class=\"o-anim-value-delay-800ms\" style=\"margin-top:var(--wp--preset--spacing--20)\">Inauguraci\u00f3 del celler i primeres anyades<\/p>\n<\/div>\n\n\n\n<div class=\"wp-block-column is-layout-flow wp-block-column-is-layout-flow\" style=\"flex-basis:60%\">\n<figure class=\"wp-block-image size-full\"><img loading=\"lazy\" decoding=\"async\" width=\"800\" height=\"546\" src=\"https:\/\/canquera.strateges.fr\/wp-content\/uploads\/2025\/12\/histoire-01.png\" alt=\"\" class=\"wp-image-406\" srcset=\"https:\/\/canquera.strateges.fr\/wp-content\/uploads\/2025\/12\/histoire-01.png 800w, https:\/\/canquera.strateges.fr\/wp-content\/uploads\/2025\/12\/histoire-01-300x205.png 300w, https:\/\/canquera.strateges.fr\/wp-content\/uploads\/2025\/12\/histoire-01-768x524.png 768w, https:\/\/canquera.strateges.fr\/wp-content\/uploads\/2025\/12\/histoire-01-600x410.png 600w\" sizes=\"auto, (max-width: 800px) 100vw, 800px\" \/><\/figure>\n<\/div>\n<\/div>\n<\/div>\n\n<div class=\"wp-block-group animated fadeIn o-anim-offset-200px has-global-padding is-layout-constrained wp-block-group-is-layout-constrained\">\n<h2 class=\"wp-block-heading\">L&#8217;aventura vitivin\u00edcola d&#8217;una fam\u00edlia<\/h2>\n\n\n\n<p>Despr\u00e9s de la venda de la seva propietat a Fran\u00e7a, <strong>Marie i Denis Barth\u00e9l\u00e9my<\/strong> es posen a la recerca d&#8217;un nou lloc de vida i projecte a Catalunya. Despr\u00e9s de nombroses visites sense un veritable enamorament, finalment descobreixen, a prop de La Jonquera i en plena muntanya, la <strong>Finca Can Quera<\/strong>. Des de la primera visita, l&#8217;evid\u00e8ncia s&#8217;imposa. La finca reuneix tots els criteris buscats: una calma absoluta, bonics edificis de pedra perfectament conservats, aix\u00ed com un panorama excepcional que ofereix una vista immillorable sobre la muntanya i el mar. La propietat s&#8217;adquireix el 2019. En aquell moment, encara no s&#8217;havia plantejat cap projecte vitivin\u00edcola.     <\/p>\n\n\n\n<p>No \u00e9s fins despr\u00e9s de la compra que els propietaris descobreixen que la masia est\u00e0 envoltada de nombroses terrasses agr\u00edcoles, la majoria abandonades des de feia m\u00e9s d&#8217;un segle. Aquest paisatge singular evoca immediatament a Denis, gran amant del vi, el bi\u00f2top de les C\u00f4te-R\u00f4tie a Fran\u00e7a. Els treballs de desbrossament comencen aleshores i revelen unes magn\u00edfiques terrasses orientades al sud. Es realitzen an\u00e0lisis de s\u00f2ls que confirmen un potencial notable. No cal m\u00e9s per fer n\u00e9ixer la passi\u00f3 vitivin\u00edcola\u2026 El projecte pren forma.    <\/p>\n\n\n\n<p>Durant una de les seves visites, la seva filla <strong>Marie-Ga\u00eblle<\/strong>, aleshores establerta a Bordeus on viu i treballa, tamb\u00e9 s&#8217;enamora de Can Quera. Animada per la mateixa passi\u00f3, decideix sense dubtar-ho deixar la seva feina per reconvertir-se en la viticultura. Obt\u00e9 amb \u00e8xit un BTS en Viticultura i Enologia a Bordeus, mentre treballa paral\u00b7lelament durant tres campanyes de verema i vinificaci\u00f3 en un dels cellers m\u00e9s grans de Bordeus, propietari de diverses vinyes, inclosos Grans Crus Classificats. Avui, <strong>Marie-Ga\u00eblle s&#8217;encarrega de la gesti\u00f3 i el desenvolupament de la finca Can Quera<\/strong>.   <\/p>\n<\/div>\n","protected":false},"excerpt":{"rendered":"<p>El Circ dels Pirineus Situat a Catalunya, als municipis de La Vajol i Agullana, a nom\u00e9s 8 quil\u00f2metres de La Jonquera, la finca s&#8217;est\u00e9n per gaireb\u00e9 200 hect\u00e0rees, entre 500 i 900 metres d&#8217;altitud, a les portes de la frontera francesa. Aquest vast territori est\u00e0 essencialment cobert d&#8217;alzines, roures, sureres i castanyers, formant un entorn [&hellip;]<\/p>\n","protected":false},"author":1,"featured_media":0,"parent":0,"menu_order":0,"comment_status":"closed","ping_status":"closed","template":"","meta":{"inline_featured_image":false,"_themeisle_gutenberg_block_has_review":false,"footnotes":""},"class_list":["post-1061","page","type-page","status-publish","hentry"],"yoast_head":"<!-- This site is optimized with the Yoast SEO plugin v27.3 - https:\/\/yoast.com\/product\/yoast-seo-wordpress\/ -->\n<title>El Domini - Can Quera<\/title>\n<meta name=\"robots\" content=\"index, follow, max-snippet:-1, max-image-preview:large, max-video-preview:-1\" \/>\n<link rel=\"canonical\" href=\"https:\/\/canquera.strateges.fr\/ca\/el-domini\/\" \/>\n<meta property=\"og:locale\" content=\"ca_ES\" \/>\n<meta property=\"og:type\" content=\"article\" \/>\n<meta property=\"og:title\" content=\"El Domini - Can Quera\" \/>\n<meta property=\"og:description\" content=\"El Circ dels Pirineus Situat a Catalunya, als municipis de La Vajol i Agullana, a nom\u00e9s 8 quil\u00f2metres de La Jonquera, la finca s&#8217;est\u00e9n per gaireb\u00e9 200 hect\u00e0rees, entre 500 i 900 metres d&#8217;altitud, a les portes de la frontera francesa. Aquest vast territori est\u00e0 essencialment cobert d&#8217;alzines, roures, sureres i castanyers, formant un entorn [&hellip;]\" \/>\n<meta property=\"og:url\" content=\"https:\/\/canquera.strateges.fr\/ca\/el-domini\/\" \/>\n<meta property=\"og:site_name\" content=\"Can Quera\" \/>\n<meta property=\"article:modified_time\" content=\"2026-04-08T13:49:59+00:00\" \/>\n<meta property=\"og:image\" content=\"https:\/\/canquera.strateges.fr\/wp-content\/uploads\/2025\/12\/can-quera-le-cirque-01.jpg\" \/>\n\t<meta property=\"og:image:width\" content=\"1168\" \/>\n\t<meta property=\"og:image:height\" content=\"1168\" \/>\n\t<meta property=\"og:image:type\" content=\"image\/jpeg\" \/>\n<meta name=\"twitter:card\" content=\"summary_large_image\" \/>\n<meta name=\"twitter:label1\" content=\"Temps estimat de lectura\" \/>\n\t<meta name=\"twitter:data1\" content=\"4 minuts\" \/>\n<script type=\"application\/ld+json\" class=\"yoast-schema-graph\">{\"@context\":\"https:\\\/\\\/schema.org\",\"@graph\":[{\"@type\":\"WebPage\",\"@id\":\"https:\\\/\\\/canquera.strateges.fr\\\/ca\\\/el-domini\\\/\",\"url\":\"https:\\\/\\\/canquera.strateges.fr\\\/ca\\\/el-domini\\\/\",\"name\":\"El Domini - Can Quera\",\"isPartOf\":{\"@id\":\"https:\\\/\\\/canquera.strateges.fr\\\/ca\\\/#website\"},\"primaryImageOfPage\":{\"@id\":\"https:\\\/\\\/canquera.strateges.fr\\\/ca\\\/el-domini\\\/#primaryimage\"},\"image\":{\"@id\":\"https:\\\/\\\/canquera.strateges.fr\\\/ca\\\/el-domini\\\/#primaryimage\"},\"thumbnailUrl\":\"https:\\\/\\\/canquera.strateges.fr\\\/wp-content\\\/uploads\\\/2025\\\/12\\\/can-quera-le-cirque-01-1024x1024.jpg\",\"datePublished\":\"2025-11-18T14:07:31+00:00\",\"dateModified\":\"2026-04-08T13:49:59+00:00\",\"breadcrumb\":{\"@id\":\"https:\\\/\\\/canquera.strateges.fr\\\/ca\\\/el-domini\\\/#breadcrumb\"},\"inLanguage\":\"ca\",\"potentialAction\":[{\"@type\":\"ReadAction\",\"target\":[\"https:\\\/\\\/canquera.strateges.fr\\\/ca\\\/el-domini\\\/\"]}]},{\"@type\":\"ImageObject\",\"inLanguage\":\"ca\",\"@id\":\"https:\\\/\\\/canquera.strateges.fr\\\/ca\\\/el-domini\\\/#primaryimage\",\"url\":\"https:\\\/\\\/canquera.strateges.fr\\\/wp-content\\\/uploads\\\/2025\\\/12\\\/can-quera-le-cirque-01-1024x1024.jpg\",\"contentUrl\":\"https:\\\/\\\/canquera.strateges.fr\\\/wp-content\\\/uploads\\\/2025\\\/12\\\/can-quera-le-cirque-01-1024x1024.jpg\"},{\"@type\":\"BreadcrumbList\",\"@id\":\"https:\\\/\\\/canquera.strateges.fr\\\/ca\\\/el-domini\\\/#breadcrumb\",\"itemListElement\":[{\"@type\":\"ListItem\",\"position\":1,\"name\":\"Accueil\",\"item\":\"https:\\\/\\\/canquera.strateges.fr\\\/ca\\\/\"},{\"@type\":\"ListItem\",\"position\":2,\"name\":\"El Domini\"}]},{\"@type\":\"WebSite\",\"@id\":\"https:\\\/\\\/canquera.strateges.fr\\\/ca\\\/#website\",\"url\":\"https:\\\/\\\/canquera.strateges.fr\\\/ca\\\/\",\"name\":\"Can Quera\",\"description\":\"\",\"publisher\":{\"@id\":\"https:\\\/\\\/canquera.strateges.fr\\\/ca\\\/#organization\"},\"potentialAction\":[{\"@type\":\"SearchAction\",\"target\":{\"@type\":\"EntryPoint\",\"urlTemplate\":\"https:\\\/\\\/canquera.strateges.fr\\\/ca\\\/?s={search_term_string}\"},\"query-input\":{\"@type\":\"PropertyValueSpecification\",\"valueRequired\":true,\"valueName\":\"search_term_string\"}}],\"inLanguage\":\"ca\"},{\"@type\":\"Organization\",\"@id\":\"https:\\\/\\\/canquera.strateges.fr\\\/ca\\\/#organization\",\"name\":\"Can Quera\",\"url\":\"https:\\\/\\\/canquera.strateges.fr\\\/ca\\\/\",\"logo\":{\"@type\":\"ImageObject\",\"inLanguage\":\"ca\",\"@id\":\"https:\\\/\\\/canquera.strateges.fr\\\/ca\\\/#\\\/schema\\\/logo\\\/image\\\/\",\"url\":\"https:\\\/\\\/canquera.strateges.fr\\\/wp-content\\\/uploads\\\/2025\\\/11\\\/logo1-vect-484b15.svg\",\"contentUrl\":\"https:\\\/\\\/canquera.strateges.fr\\\/wp-content\\\/uploads\\\/2025\\\/11\\\/logo1-vect-484b15.svg\",\"caption\":\"Can Quera\"},\"image\":{\"@id\":\"https:\\\/\\\/canquera.strateges.fr\\\/ca\\\/#\\\/schema\\\/logo\\\/image\\\/\"}}]}<\/script>\n<!-- \/ Yoast SEO plugin. -->","yoast_head_json":{"title":"El Domini - Can Quera","robots":{"index":"index","follow":"follow","max-snippet":"max-snippet:-1","max-image-preview":"max-image-preview:large","max-video-preview":"max-video-preview:-1"},"canonical":"https:\/\/canquera.strateges.fr\/ca\/el-domini\/","og_locale":"ca_ES","og_type":"article","og_title":"El Domini - Can Quera","og_description":"El Circ dels Pirineus Situat a Catalunya, als municipis de La Vajol i Agullana, a nom\u00e9s 8 quil\u00f2metres de La Jonquera, la finca s&#8217;est\u00e9n per gaireb\u00e9 200 hect\u00e0rees, entre 500 i 900 metres d&#8217;altitud, a les portes de la frontera francesa. Aquest vast territori est\u00e0 essencialment cobert d&#8217;alzines, roures, sureres i castanyers, formant un entorn [&hellip;]","og_url":"https:\/\/canquera.strateges.fr\/ca\/el-domini\/","og_site_name":"Can Quera","article_modified_time":"2026-04-08T13:49:59+00:00","og_image":[{"width":1168,"height":1168,"url":"https:\/\/canquera.strateges.fr\/wp-content\/uploads\/2025\/12\/can-quera-le-cirque-01.jpg","type":"image\/jpeg"}],"twitter_card":"summary_large_image","twitter_misc":{"Temps estimat de lectura":"4 minuts"},"schema":{"@context":"https:\/\/schema.org","@graph":[{"@type":"WebPage","@id":"https:\/\/canquera.strateges.fr\/ca\/el-domini\/","url":"https:\/\/canquera.strateges.fr\/ca\/el-domini\/","name":"El Domini - Can Quera","isPartOf":{"@id":"https:\/\/canquera.strateges.fr\/ca\/#website"},"primaryImageOfPage":{"@id":"https:\/\/canquera.strateges.fr\/ca\/el-domini\/#primaryimage"},"image":{"@id":"https:\/\/canquera.strateges.fr\/ca\/el-domini\/#primaryimage"},"thumbnailUrl":"https:\/\/canquera.strateges.fr\/wp-content\/uploads\/2025\/12\/can-quera-le-cirque-01-1024x1024.jpg","datePublished":"2025-11-18T14:07:31+00:00","dateModified":"2026-04-08T13:49:59+00:00","breadcrumb":{"@id":"https:\/\/canquera.strateges.fr\/ca\/el-domini\/#breadcrumb"},"inLanguage":"ca","potentialAction":[{"@type":"ReadAction","target":["https:\/\/canquera.strateges.fr\/ca\/el-domini\/"]}]},{"@type":"ImageObject","inLanguage":"ca","@id":"https:\/\/canquera.strateges.fr\/ca\/el-domini\/#primaryimage","url":"https:\/\/canquera.strateges.fr\/wp-content\/uploads\/2025\/12\/can-quera-le-cirque-01-1024x1024.jpg","contentUrl":"https:\/\/canquera.strateges.fr\/wp-content\/uploads\/2025\/12\/can-quera-le-cirque-01-1024x1024.jpg"},{"@type":"BreadcrumbList","@id":"https:\/\/canquera.strateges.fr\/ca\/el-domini\/#breadcrumb","itemListElement":[{"@type":"ListItem","position":1,"name":"Accueil","item":"https:\/\/canquera.strateges.fr\/ca\/"},{"@type":"ListItem","position":2,"name":"El Domini"}]},{"@type":"WebSite","@id":"https:\/\/canquera.strateges.fr\/ca\/#website","url":"https:\/\/canquera.strateges.fr\/ca\/","name":"Can Quera","description":"","publisher":{"@id":"https:\/\/canquera.strateges.fr\/ca\/#organization"},"potentialAction":[{"@type":"SearchAction","target":{"@type":"EntryPoint","urlTemplate":"https:\/\/canquera.strateges.fr\/ca\/?s={search_term_string}"},"query-input":{"@type":"PropertyValueSpecification","valueRequired":true,"valueName":"search_term_string"}}],"inLanguage":"ca"},{"@type":"Organization","@id":"https:\/\/canquera.strateges.fr\/ca\/#organization","name":"Can Quera","url":"https:\/\/canquera.strateges.fr\/ca\/","logo":{"@type":"ImageObject","inLanguage":"ca","@id":"https:\/\/canquera.strateges.fr\/ca\/#\/schema\/logo\/image\/","url":"https:\/\/canquera.strateges.fr\/wp-content\/uploads\/2025\/11\/logo1-vect-484b15.svg","contentUrl":"https:\/\/canquera.strateges.fr\/wp-content\/uploads\/2025\/11\/logo1-vect-484b15.svg","caption":"Can Quera"},"image":{"@id":"https:\/\/canquera.strateges.fr\/ca\/#\/schema\/logo\/image\/"}}]}},"_links":{"self":[{"href":"https:\/\/canquera.strateges.fr\/ca\/wp-json\/wp\/v2\/pages\/1061","targetHints":{"allow":["GET"]}}],"collection":[{"href":"https:\/\/canquera.strateges.fr\/ca\/wp-json\/wp\/v2\/pages"}],"about":[{"href":"https:\/\/canquera.strateges.fr\/ca\/wp-json\/wp\/v2\/types\/page"}],"author":[{"embeddable":true,"href":"https:\/\/canquera.strateges.fr\/ca\/wp-json\/wp\/v2\/users\/1"}],"replies":[{"embeddable":true,"href":"https:\/\/canquera.strateges.fr\/ca\/wp-json\/wp\/v2\/comments?post=1061"}],"version-history":[{"count":13,"href":"https:\/\/canquera.strateges.fr\/ca\/wp-json\/wp\/v2\/pages\/1061\/revisions"}],"predecessor-version":[{"id":1326,"href":"https:\/\/canquera.strateges.fr\/ca\/wp-json\/wp\/v2\/pages\/1061\/revisions\/1326"}],"wp:attachment":[{"href":"https:\/\/canquera.strateges.fr\/ca\/wp-json\/wp\/v2\/media?parent=1061"}],"curies":[{"name":"wp","href":"https:\/\/api.w.org\/{rel}","templated":true}]}}