{"id":1227,"date":"2025-11-18T17:34:44","date_gmt":"2025-11-18T16:34:44","guid":{"rendered":"https:\/\/canquera.strateges.fr\/el-celler-2\/"},"modified":"2026-04-08T15:52:21","modified_gmt":"2026-04-08T13:52:21","slug":"el-celler","status":"publish","type":"page","link":"https:\/\/canquera.strateges.fr\/ca\/el-celler\/","title":{"rendered":"El celler"},"content":{"rendered":"\n<div class=\"wp-block-group alignwide is-layout-flow wp-block-group-is-layout-flow\" style=\"padding-top:0;padding-bottom:0\">\n<div class=\"wp-block-columns is-layout-flex wp-container-core-columns-is-layout-28f84493 wp-block-columns-is-layout-flex\">\n<div class=\"wp-block-column is-vertically-aligned-top animated fadeIn delay-200ms  gbvc-hide-on-mobile is-layout-flow wp-block-column-is-layout-flow\" style=\"flex-basis:40%\">\n<figure class=\"wp-block-image size-full has-custom-border wp-container-content-dc435e0d\" style=\"margin-bottom:var(--wp--preset--spacing--80)\"><img loading=\"lazy\" decoding=\"async\" width=\"726\" height=\"726\" src=\"https:\/\/canquera.strateges.fr\/wp-content\/uploads\/2026\/01\/la-cave-vinification-01.jpg\" alt=\"\" class=\"wp-image-747\" style=\"border-bottom-left-radius:50%\" srcset=\"https:\/\/canquera.strateges.fr\/wp-content\/uploads\/2026\/01\/la-cave-vinification-01.jpg 726w, https:\/\/canquera.strateges.fr\/wp-content\/uploads\/2026\/01\/la-cave-vinification-01-300x300.jpg 300w, https:\/\/canquera.strateges.fr\/wp-content\/uploads\/2026\/01\/la-cave-vinification-01-150x150.jpg 150w, https:\/\/canquera.strateges.fr\/wp-content\/uploads\/2026\/01\/la-cave-vinification-01-600x600.jpg 600w, https:\/\/canquera.strateges.fr\/wp-content\/uploads\/2026\/01\/la-cave-vinification-01-100x100.jpg 100w\" sizes=\"auto, (max-width: 726px) 100vw, 726px\" \/><\/figure>\n<\/div>\n\n\n\n<div class=\"wp-block-column is-vertically-aligned-bottom is-layout-flow wp-block-column-is-layout-flow\" style=\"flex-basis:60%\">\n<div class=\"wp-block-group animated fadeIn delay-500ms has-global-padding is-content-justification-left is-layout-constrained wp-container-core-group-is-layout-74cbbf86 wp-block-group-is-layout-constrained\">\n<h2 class=\"wp-block-heading\">L\u2019eina de vinificaci\u00f3<\/h2>\n\n\n\n<p>Just abans de la verema del 2025, el domini va finalitzar la construcci\u00f3 del seu propi celler, situat al cor de la propietat, a l\u2019edifici de l\u2019antic <em>Restaurant de Manrella<\/em>.<\/p>\n\n\n\n<p>Aquest projecte ha requerit una inversi\u00f3 important i una renovaci\u00f3 completa: rehabilitaci\u00f3 integral de les cobertes, refor\u00e7 de les estructures, a\u00efllament total de les parets i de l\u2019edifici, per tal de crear una eina de vinificaci\u00f3 alhora eficient i duradora.<\/p>\n\n\n\n<p>A l\u2019interior, el celler est\u00e0 equipat amb una <strong>quinzena de dip\u00f2sits d\u2019acer inoxidable<\/strong>, fabricats \u00edntegrament en inox 316, reconegut per la seva qualitat superior, i tots termoregulats per garantir un control \u00f2ptim de les fermentacions.<\/p>\n\n\n\n<p>Un <strong>celler de b\u00f3tes<\/strong> completa el conjunt, amb foudres nous de roure franc\u00e8s de 10 i 20 hectolitres, aix\u00ed com b\u00f3tes noves de 400 litres, procedents de diverses boteries, que permeten diversificar les aportacions arom\u00e0tiques de la fusta tot respectant la identitat dels vins.<\/p>\n\n\n\n<p>Finalment, s\u2019ha dissenyat amb cura una zona de recepci\u00f3 de la verema, que ofereix unes condicions de selecci\u00f3 i manipulaci\u00f3 del ra\u00efm especialment qualitatives, amb el m\u00e0xim respecte pel fruit i per la feina feta a la vinya.<\/p>\n<\/div>\n<\/div>\n\n\n\n<div class=\"wp-block-column is-vertically-aligned-top animated fadeIn delay-200ms  gbvc-hide-on-tablet gbvc-hide-on-desktop is-layout-flow wp-block-column-is-layout-flow\" style=\"flex-basis:40%\">\n<figure class=\"wp-block-image size-full has-custom-border wp-container-content-dc435e0d\" style=\"margin-bottom:var(--wp--preset--spacing--80)\"><img loading=\"lazy\" decoding=\"async\" width=\"726\" height=\"726\" src=\"https:\/\/canquera.strateges.fr\/wp-content\/uploads\/2026\/01\/la-cave-vinification-01.jpg\" alt=\"\" class=\"wp-image-747\" style=\"border-bottom-left-radius:50%\" srcset=\"https:\/\/canquera.strateges.fr\/wp-content\/uploads\/2026\/01\/la-cave-vinification-01.jpg 726w, https:\/\/canquera.strateges.fr\/wp-content\/uploads\/2026\/01\/la-cave-vinification-01-300x300.jpg 300w, https:\/\/canquera.strateges.fr\/wp-content\/uploads\/2026\/01\/la-cave-vinification-01-150x150.jpg 150w, https:\/\/canquera.strateges.fr\/wp-content\/uploads\/2026\/01\/la-cave-vinification-01-600x600.jpg 600w, https:\/\/canquera.strateges.fr\/wp-content\/uploads\/2026\/01\/la-cave-vinification-01-100x100.jpg 100w\" sizes=\"auto, (max-width: 726px) 100vw, 726px\" \/><\/figure>\n<\/div>\n<\/div>\n<\/div>\n\n<div id=\"wp-block-themeisle-blocks-slider-961c6186\" class=\"wp-block-themeisle-blocks-slider alignwide glide animated fadeIn\" data-per-view=\"2\" data-gap=\"35\" data-peek=\"0\" data-autoplay=\"true\" data-height=\"400px\" data-hide-arrows=\"true\" data-transition=\"ease-in-out\"><div class=\"glide__track\" data-glide-el=\"track\"><div class=\"glide__slides\"><div class=\"wp-block-themeisle-blocks-slider-item-wrapper glide__slide\" tabindex=\"0\"><figure><img decoding=\"async\" class=\"wp-block-themeisle-blocks-slider-item\" src=\"https:\/\/canquera.strateges.fr\/wp-content\/uploads\/2026\/01\/1000209990.jpg\" alt=\"\" title=\"\" data-id=\"830\"><\/figure><\/div><div class=\"wp-block-themeisle-blocks-slider-item-wrapper glide__slide\" tabindex=\"0\"><figure><img decoding=\"async\" class=\"wp-block-themeisle-blocks-slider-item\" src=\"https:\/\/canquera.strateges.fr\/wp-content\/uploads\/2026\/01\/1000209991.jpg\" alt=\"\" title=\"\" data-id=\"831\"><\/figure><\/div><div class=\"wp-block-themeisle-blocks-slider-item-wrapper glide__slide\" tabindex=\"0\"><figure><img decoding=\"async\" class=\"wp-block-themeisle-blocks-slider-item\" src=\"https:\/\/canquera.strateges.fr\/wp-content\/uploads\/2026\/01\/1000209995.jpg\" alt=\"\" title=\"\" data-id=\"832\"><\/figure><\/div><div class=\"wp-block-themeisle-blocks-slider-item-wrapper glide__slide\" tabindex=\"0\"><figure><img decoding=\"async\" class=\"wp-block-themeisle-blocks-slider-item\" src=\"https:\/\/canquera.strateges.fr\/wp-content\/uploads\/2026\/01\/1000209997.jpg\" alt=\"\" title=\"\" data-id=\"833\"><\/figure><\/div><\/div><\/div><\/div>\n\n<div class=\"wp-block-group alignwide has-global-padding is-layout-constrained wp-block-group-is-layout-constrained\" style=\"margin-bottom:var(--wp--preset--spacing--50);padding-bottom:0\">\n<div class=\"wp-block-columns alignwide is-layout-flex wp-container-core-columns-is-layout-28f84493 wp-block-columns-is-layout-flex\">\n<div class=\"wp-block-column is-vertically-aligned-center is-layout-flow wp-block-column-is-layout-flow\" style=\"flex-basis:40%\">\n<div class=\"wp-block-group animated fadeIn delay-200ms has-global-padding is-content-justification-right is-layout-constrained wp-container-core-group-is-layout-b19928fb wp-block-group-is-layout-constrained\" style=\"margin-top:0;margin-bottom:0;padding-top:0;padding-right:0;padding-bottom:0;padding-left:0\">\n<h2 class=\"wp-block-heading\">La verema<\/h2>\n\n\n\n<p>Tota la verema es fa naturalment a m\u00e0 i es realitza en el punt \u00f2ptim de maduraci\u00f3, respectant les aromes pr\u00f2pies de cada varietat.<\/p>\n\n\n\n<p>La collita es fa en palox especialment adaptats a la verema. Cada veremador diposita directament el seu cubell al palox, col\u00b7locat sobre un remolc arrossegat que avan\u00e7a cont\u00ednuament al ritme de l\u2019equip. Aquest dispositiu limita considerablement els despla\u00e7aments i les manipulacions innecess\u00e0ries.<\/p>\n\n\n\n<p>Aquesta manera de treballar presenta molts avantatges: una dist\u00e0ncia m\u00ednima entre el cep i el recipient, una manipulaci\u00f3 suau dels ra\u00efms i una primera selecci\u00f3 feta directament pel veremador. A continuaci\u00f3, una persona dedicada assegura una segona selecci\u00f3 en el moment d\u2019abocar els cubells al palox.<\/p>\n\n\n\n<p>Tot seguit, el ra\u00efm es trasllada immediatament al celler, on s\u2019aboca per gravetat a la zona de recepci\u00f3 de la verema. D\u2019aquesta manera, els grans no pateixen cap trinxament ni lesi\u00f3, garantint la integritat del fruit i la qualitat dels mosts des de la seva arribada al celler.<\/p>\n<\/div>\n<\/div>\n\n\n\n<div class=\"wp-block-column is-layout-flow wp-block-column-is-layout-flow\" style=\"flex-basis:60%\">\n<figure class=\"wp-block-image alignright size-full has-custom-border animated fadeIn delay-500ms\"><img loading=\"lazy\" decoding=\"async\" width=\"739\" height=\"739\" src=\"https:\/\/canquera.strateges.fr\/wp-content\/uploads\/2025\/12\/vendanges-01.jpg\" alt=\"\" class=\"wp-image-546\" style=\"border-top-right-radius:50%\" srcset=\"https:\/\/canquera.strateges.fr\/wp-content\/uploads\/2025\/12\/vendanges-01.jpg 739w, https:\/\/canquera.strateges.fr\/wp-content\/uploads\/2025\/12\/vendanges-01-300x300.jpg 300w, https:\/\/canquera.strateges.fr\/wp-content\/uploads\/2025\/12\/vendanges-01-150x150.jpg 150w, https:\/\/canquera.strateges.fr\/wp-content\/uploads\/2025\/12\/vendanges-01-600x600.jpg 600w, https:\/\/canquera.strateges.fr\/wp-content\/uploads\/2025\/12\/vendanges-01-100x100.jpg 100w\" sizes=\"auto, (max-width: 739px) 100vw, 739px\" \/><\/figure>\n<\/div>\n<\/div>\n\n\n\n\n<div style=\"row-gap: var(--wp--preset--spacing--30); column-gap: 20px; column-count: 3; \" class=\"galleryberg-gallery-container galleryberg-has-lightbox alignwide columns-3 layout-masonry alignwide animated fadeIn delay-500ms wp-block-galleryberg-gallery\" data-open-effect=\"zoom\" data-close-effect=\"zoom\" data-slide-effect=\"slide\" data-keyboard-navigation=\"true\" data-loop=\"true\" data-zoomable=\"true\" data-draggable=\"true\" data-show-lightbox-captions=\"false\">\n\t\n<figure style=\"margin-bottom: var(--wp--preset--spacing--30)\" class=\"wp-block-galleryberg-image galleryberg-image size-large wp-block-galleryberg-image\" id=\"wp-image-659\">\n\t\t\t<img loading=\"lazy\" decoding=\"async\" width=\"1024\" height=\"473\" src=\"https:\/\/canquera.strateges.fr\/wp-content\/uploads\/2025\/12\/canquera-vendanges-08.06.46_e0ac20d3-1024x473.jpg\" class=\"\" alt=\"\" \/>\t\t<\/figure>\n\n\n<figure style=\"margin-bottom: var(--wp--preset--spacing--30)\" class=\"wp-block-galleryberg-image galleryberg-image size-large wp-block-galleryberg-image\" id=\"wp-image-657\">\n\t\t\t<img loading=\"lazy\" decoding=\"async\" width=\"473\" height=\"1024\" src=\"https:\/\/canquera.strateges.fr\/wp-content\/uploads\/2025\/12\/canquera-vendanges-08.06.08_b00faaa4-473x1024.jpg\" class=\"\" alt=\"\" \/>\t\t<\/figure>\n\n\n<figure style=\"margin-bottom: var(--wp--preset--spacing--30)\" class=\"wp-block-galleryberg-image galleryberg-image size-large wp-block-galleryberg-image\" id=\"wp-image-750\">\n\t\t\t<img loading=\"lazy\" decoding=\"async\" width=\"768\" height=\"1024\" src=\"https:\/\/canquera.strateges.fr\/wp-content\/uploads\/2026\/01\/la-cave-01-768x1024.jpg\" class=\"\" alt=\"\" \/>\t\t<\/figure>\n\n\n<figure style=\"margin-bottom: var(--wp--preset--spacing--30)\" class=\"wp-block-galleryberg-image galleryberg-image size-large wp-block-galleryberg-image\" id=\"wp-image-838\">\n\t\t\t<img loading=\"lazy\" decoding=\"async\" width=\"1024\" height=\"470\" src=\"https:\/\/canquera.strateges.fr\/wp-content\/uploads\/2026\/01\/vendanges-01-1024x470.jpg\" class=\"\" alt=\"\" \/>\t\t<\/figure>\n\n\n<figure style=\"margin-bottom: var(--wp--preset--spacing--30)\" class=\"wp-block-galleryberg-image galleryberg-image size-large wp-block-galleryberg-image\" id=\"wp-image-520\">\n\t\t\t<img loading=\"lazy\" decoding=\"async\" width=\"1024\" height=\"1024\" src=\"https:\/\/canquera.strateges.fr\/wp-content\/uploads\/2025\/12\/les-cepages-01-1024x1024.jpg\" class=\"\" alt=\"\" \/>\t\t<\/figure>\n\n\n<figure style=\"margin-bottom: var(--wp--preset--spacing--30)\" class=\"wp-block-galleryberg-image galleryberg-image size-large wp-block-galleryberg-image\" id=\"wp-image-658\">\n\t\t\t<img loading=\"lazy\" decoding=\"async\" width=\"473\" height=\"1024\" src=\"https:\/\/canquera.strateges.fr\/wp-content\/uploads\/2025\/12\/canquera-vendanges-08.06.46_31f19163-473x1024.jpg\" class=\"\" alt=\"\" \/>\t\t<\/figure>\n\n<\/div>\n<\/div>\n","protected":false},"excerpt":{"rendered":"<p>L\u2019eina de vinificaci\u00f3 Just abans de la verema del 2025, el domini va finalitzar la construcci\u00f3 del seu propi celler, situat al cor de la propietat, a l\u2019edifici de l\u2019antic Restaurant de Manrella. Aquest projecte ha requerit una inversi\u00f3 important i una renovaci\u00f3 completa: rehabilitaci\u00f3 integral de les cobertes, refor\u00e7 de les estructures, a\u00efllament total [&hellip;]<\/p>\n","protected":false},"author":1,"featured_media":0,"parent":0,"menu_order":0,"comment_status":"closed","ping_status":"closed","template":"","meta":{"inline_featured_image":false,"_themeisle_gutenberg_block_has_review":false,"footnotes":""},"class_list":["post-1227","page","type-page","status-publish","hentry"],"yoast_head":"<!-- This site is optimized with the Yoast SEO plugin v27.3 - https:\/\/yoast.com\/product\/yoast-seo-wordpress\/ -->\n<title>El celler - Can Quera<\/title>\n<meta name=\"robots\" content=\"index, follow, max-snippet:-1, max-image-preview:large, max-video-preview:-1\" \/>\n<link rel=\"canonical\" href=\"https:\/\/canquera.strateges.fr\/ca\/el-celler\/\" \/>\n<meta property=\"og:locale\" content=\"ca_ES\" \/>\n<meta property=\"og:type\" content=\"article\" \/>\n<meta property=\"og:title\" content=\"El celler - Can Quera\" \/>\n<meta property=\"og:description\" content=\"L\u2019eina de vinificaci\u00f3 Just abans de la verema del 2025, el domini va finalitzar la construcci\u00f3 del seu propi celler, situat al cor de la propietat, a l\u2019edifici de l\u2019antic Restaurant de Manrella. Aquest projecte ha requerit una inversi\u00f3 important i una renovaci\u00f3 completa: rehabilitaci\u00f3 integral de les cobertes, refor\u00e7 de les estructures, a\u00efllament total [&hellip;]\" \/>\n<meta property=\"og:url\" content=\"https:\/\/canquera.strateges.fr\/ca\/el-celler\/\" \/>\n<meta property=\"og:site_name\" content=\"Can Quera\" \/>\n<meta property=\"article:modified_time\" content=\"2026-04-08T13:52:21+00:00\" \/>\n<meta property=\"og:image\" content=\"https:\/\/canquera.strateges.fr\/wp-content\/uploads\/2026\/01\/la-cave-vinification-01.jpg\" \/>\n\t<meta property=\"og:image:width\" content=\"726\" \/>\n\t<meta property=\"og:image:height\" content=\"726\" \/>\n\t<meta property=\"og:image:type\" content=\"image\/jpeg\" \/>\n<meta name=\"twitter:card\" content=\"summary_large_image\" \/>\n<meta name=\"twitter:label1\" content=\"Temps estimat de lectura\" \/>\n\t<meta name=\"twitter:data1\" content=\"2 minuts\" \/>\n<script type=\"application\/ld+json\" class=\"yoast-schema-graph\">{\"@context\":\"https:\\\/\\\/schema.org\",\"@graph\":[{\"@type\":\"WebPage\",\"@id\":\"https:\\\/\\\/canquera.strateges.fr\\\/ca\\\/el-celler\\\/\",\"url\":\"https:\\\/\\\/canquera.strateges.fr\\\/ca\\\/el-celler\\\/\",\"name\":\"El celler - Can Quera\",\"isPartOf\":{\"@id\":\"https:\\\/\\\/canquera.strateges.fr\\\/ca\\\/#website\"},\"primaryImageOfPage\":{\"@id\":\"https:\\\/\\\/canquera.strateges.fr\\\/ca\\\/el-celler\\\/#primaryimage\"},\"image\":{\"@id\":\"https:\\\/\\\/canquera.strateges.fr\\\/ca\\\/el-celler\\\/#primaryimage\"},\"thumbnailUrl\":\"https:\\\/\\\/canquera.strateges.fr\\\/wp-content\\\/uploads\\\/2026\\\/01\\\/la-cave-vinification-01.jpg\",\"datePublished\":\"2025-11-18T16:34:44+00:00\",\"dateModified\":\"2026-04-08T13:52:21+00:00\",\"breadcrumb\":{\"@id\":\"https:\\\/\\\/canquera.strateges.fr\\\/ca\\\/el-celler\\\/#breadcrumb\"},\"inLanguage\":\"ca\",\"potentialAction\":[{\"@type\":\"ReadAction\",\"target\":[\"https:\\\/\\\/canquera.strateges.fr\\\/ca\\\/el-celler\\\/\"]}]},{\"@type\":\"ImageObject\",\"inLanguage\":\"ca\",\"@id\":\"https:\\\/\\\/canquera.strateges.fr\\\/ca\\\/el-celler\\\/#primaryimage\",\"url\":\"https:\\\/\\\/canquera.strateges.fr\\\/wp-content\\\/uploads\\\/2026\\\/01\\\/la-cave-vinification-01.jpg\",\"contentUrl\":\"https:\\\/\\\/canquera.strateges.fr\\\/wp-content\\\/uploads\\\/2026\\\/01\\\/la-cave-vinification-01.jpg\"},{\"@type\":\"BreadcrumbList\",\"@id\":\"https:\\\/\\\/canquera.strateges.fr\\\/ca\\\/el-celler\\\/#breadcrumb\",\"itemListElement\":[{\"@type\":\"ListItem\",\"position\":1,\"name\":\"Accueil\",\"item\":\"https:\\\/\\\/canquera.strateges.fr\\\/ca\\\/\"},{\"@type\":\"ListItem\",\"position\":2,\"name\":\"El celler\"}]},{\"@type\":\"WebSite\",\"@id\":\"https:\\\/\\\/canquera.strateges.fr\\\/ca\\\/#website\",\"url\":\"https:\\\/\\\/canquera.strateges.fr\\\/ca\\\/\",\"name\":\"Can Quera\",\"description\":\"\",\"publisher\":{\"@id\":\"https:\\\/\\\/canquera.strateges.fr\\\/ca\\\/#organization\"},\"potentialAction\":[{\"@type\":\"SearchAction\",\"target\":{\"@type\":\"EntryPoint\",\"urlTemplate\":\"https:\\\/\\\/canquera.strateges.fr\\\/ca\\\/?s={search_term_string}\"},\"query-input\":{\"@type\":\"PropertyValueSpecification\",\"valueRequired\":true,\"valueName\":\"search_term_string\"}}],\"inLanguage\":\"ca\"},{\"@type\":\"Organization\",\"@id\":\"https:\\\/\\\/canquera.strateges.fr\\\/ca\\\/#organization\",\"name\":\"Can Quera\",\"url\":\"https:\\\/\\\/canquera.strateges.fr\\\/ca\\\/\",\"logo\":{\"@type\":\"ImageObject\",\"inLanguage\":\"ca\",\"@id\":\"https:\\\/\\\/canquera.strateges.fr\\\/ca\\\/#\\\/schema\\\/logo\\\/image\\\/\",\"url\":\"https:\\\/\\\/canquera.strateges.fr\\\/wp-content\\\/uploads\\\/2025\\\/11\\\/logo1-vect-484b15.svg\",\"contentUrl\":\"https:\\\/\\\/canquera.strateges.fr\\\/wp-content\\\/uploads\\\/2025\\\/11\\\/logo1-vect-484b15.svg\",\"caption\":\"Can Quera\"},\"image\":{\"@id\":\"https:\\\/\\\/canquera.strateges.fr\\\/ca\\\/#\\\/schema\\\/logo\\\/image\\\/\"}}]}<\/script>\n<!-- \/ Yoast SEO plugin. -->","yoast_head_json":{"title":"El celler - Can Quera","robots":{"index":"index","follow":"follow","max-snippet":"max-snippet:-1","max-image-preview":"max-image-preview:large","max-video-preview":"max-video-preview:-1"},"canonical":"https:\/\/canquera.strateges.fr\/ca\/el-celler\/","og_locale":"ca_ES","og_type":"article","og_title":"El celler - Can Quera","og_description":"L\u2019eina de vinificaci\u00f3 Just abans de la verema del 2025, el domini va finalitzar la construcci\u00f3 del seu propi celler, situat al cor de la propietat, a l\u2019edifici de l\u2019antic Restaurant de Manrella. Aquest projecte ha requerit una inversi\u00f3 important i una renovaci\u00f3 completa: rehabilitaci\u00f3 integral de les cobertes, refor\u00e7 de les estructures, a\u00efllament total [&hellip;]","og_url":"https:\/\/canquera.strateges.fr\/ca\/el-celler\/","og_site_name":"Can Quera","article_modified_time":"2026-04-08T13:52:21+00:00","og_image":[{"width":726,"height":726,"url":"https:\/\/canquera.strateges.fr\/wp-content\/uploads\/2026\/01\/la-cave-vinification-01.jpg","type":"image\/jpeg"}],"twitter_card":"summary_large_image","twitter_misc":{"Temps estimat de lectura":"2 minuts"},"schema":{"@context":"https:\/\/schema.org","@graph":[{"@type":"WebPage","@id":"https:\/\/canquera.strateges.fr\/ca\/el-celler\/","url":"https:\/\/canquera.strateges.fr\/ca\/el-celler\/","name":"El celler - Can Quera","isPartOf":{"@id":"https:\/\/canquera.strateges.fr\/ca\/#website"},"primaryImageOfPage":{"@id":"https:\/\/canquera.strateges.fr\/ca\/el-celler\/#primaryimage"},"image":{"@id":"https:\/\/canquera.strateges.fr\/ca\/el-celler\/#primaryimage"},"thumbnailUrl":"https:\/\/canquera.strateges.fr\/wp-content\/uploads\/2026\/01\/la-cave-vinification-01.jpg","datePublished":"2025-11-18T16:34:44+00:00","dateModified":"2026-04-08T13:52:21+00:00","breadcrumb":{"@id":"https:\/\/canquera.strateges.fr\/ca\/el-celler\/#breadcrumb"},"inLanguage":"ca","potentialAction":[{"@type":"ReadAction","target":["https:\/\/canquera.strateges.fr\/ca\/el-celler\/"]}]},{"@type":"ImageObject","inLanguage":"ca","@id":"https:\/\/canquera.strateges.fr\/ca\/el-celler\/#primaryimage","url":"https:\/\/canquera.strateges.fr\/wp-content\/uploads\/2026\/01\/la-cave-vinification-01.jpg","contentUrl":"https:\/\/canquera.strateges.fr\/wp-content\/uploads\/2026\/01\/la-cave-vinification-01.jpg"},{"@type":"BreadcrumbList","@id":"https:\/\/canquera.strateges.fr\/ca\/el-celler\/#breadcrumb","itemListElement":[{"@type":"ListItem","position":1,"name":"Accueil","item":"https:\/\/canquera.strateges.fr\/ca\/"},{"@type":"ListItem","position":2,"name":"El celler"}]},{"@type":"WebSite","@id":"https:\/\/canquera.strateges.fr\/ca\/#website","url":"https:\/\/canquera.strateges.fr\/ca\/","name":"Can Quera","description":"","publisher":{"@id":"https:\/\/canquera.strateges.fr\/ca\/#organization"},"potentialAction":[{"@type":"SearchAction","target":{"@type":"EntryPoint","urlTemplate":"https:\/\/canquera.strateges.fr\/ca\/?s={search_term_string}"},"query-input":{"@type":"PropertyValueSpecification","valueRequired":true,"valueName":"search_term_string"}}],"inLanguage":"ca"},{"@type":"Organization","@id":"https:\/\/canquera.strateges.fr\/ca\/#organization","name":"Can Quera","url":"https:\/\/canquera.strateges.fr\/ca\/","logo":{"@type":"ImageObject","inLanguage":"ca","@id":"https:\/\/canquera.strateges.fr\/ca\/#\/schema\/logo\/image\/","url":"https:\/\/canquera.strateges.fr\/wp-content\/uploads\/2025\/11\/logo1-vect-484b15.svg","contentUrl":"https:\/\/canquera.strateges.fr\/wp-content\/uploads\/2025\/11\/logo1-vect-484b15.svg","caption":"Can Quera"},"image":{"@id":"https:\/\/canquera.strateges.fr\/ca\/#\/schema\/logo\/image\/"}}]}},"_links":{"self":[{"href":"https:\/\/canquera.strateges.fr\/ca\/wp-json\/wp\/v2\/pages\/1227","targetHints":{"allow":["GET"]}}],"collection":[{"href":"https:\/\/canquera.strateges.fr\/ca\/wp-json\/wp\/v2\/pages"}],"about":[{"href":"https:\/\/canquera.strateges.fr\/ca\/wp-json\/wp\/v2\/types\/page"}],"author":[{"embeddable":true,"href":"https:\/\/canquera.strateges.fr\/ca\/wp-json\/wp\/v2\/users\/1"}],"replies":[{"embeddable":true,"href":"https:\/\/canquera.strateges.fr\/ca\/wp-json\/wp\/v2\/comments?post=1227"}],"version-history":[{"count":2,"href":"https:\/\/canquera.strateges.fr\/ca\/wp-json\/wp\/v2\/pages\/1227\/revisions"}],"predecessor-version":[{"id":1241,"href":"https:\/\/canquera.strateges.fr\/ca\/wp-json\/wp\/v2\/pages\/1227\/revisions\/1241"}],"wp:attachment":[{"href":"https:\/\/canquera.strateges.fr\/ca\/wp-json\/wp\/v2\/media?parent=1227"}],"curies":[{"name":"wp","href":"https:\/\/api.w.org\/{rel}","templated":true}]}}