{"id":1056,"date":"2025-11-19T16:00:12","date_gmt":"2025-11-19T15:00:12","guid":{"rendered":"https:\/\/canquera.strateges.fr\/produit\/el-gat-al-roure\/"},"modified":"2025-11-19T16:00:12","modified_gmt":"2025-11-19T15:00:12","slug":"el-gat-al-roure","status":"publish","type":"product","link":"https:\/\/canquera.strateges.fr\/ca\/produit\/el-gat-al-roure\/","title":{"rendered":"El Gat al Roure"},"content":{"rendered":"","protected":false},"excerpt":{"rendered":"<p>Que deu el seu nom a un roure de la nostra propietat situat al mig de les nostres vinyes, que t\u00e9 m\u00e9s de 600 anys i est\u00e0 catalogat a Catalunya.<\/p>\n<p>Compost per un 70 % de GARNATXA BLANCA i un 30 % de SAUVIGNON BLANC.<\/p>\n<p>\u00c9s un vi arom\u00e0tic, untu\u00f3s, complex i amb una gran persist\u00e8ncia en boca.<br \/>\n\u00c9s ja un gran vi, ideal per a peix, aus, carns blanques, porc, xai\u2026<\/p>\n","protected":false},"featured_media":631,"template":"","meta":{"inline_featured_image":false,"_themeisle_gutenberg_block_has_review":false},"product_brand":[],"product_cat":[36],"product_tag":[37],"class_list":{"0":"post-1056","1":"product","2":"type-product","3":"status-publish","4":"has-post-thumbnail","6":"product_cat-els-nostres-vins","7":"product_tag-vi-blanc","9":"first","10":"instock","11":"shipping-taxable","12":"purchasable","13":"product-type-simple"},"yoast_head":"<!-- This site is optimized with the Yoast SEO plugin v27.3 - https:\/\/yoast.com\/product\/yoast-seo-wordpress\/ -->\n<title>El Gat al Roure - Can Quera<\/title>\n<meta name=\"robots\" content=\"index, follow, max-snippet:-1, max-image-preview:large, max-video-preview:-1\" \/>\n<link rel=\"canonical\" href=\"https:\/\/canquera.strateges.fr\/ca\/produit\/el-gat-al-roure\/\" \/>\n<meta property=\"og:locale\" content=\"ca_ES\" \/>\n<meta property=\"og:type\" content=\"article\" \/>\n<meta property=\"og:title\" content=\"El Gat al Roure - Can Quera\" \/>\n<meta property=\"og:description\" content=\"Que deu el seu nom a un roure de la nostra propietat situat al mig de les nostres vinyes, que t\u00e9 m\u00e9s de 600 anys i est\u00e0 catalogat a Catalunya. Compost per un 70 % de GARNATXA BLANCA i un 30 % de SAUVIGNON BLANC. \u00c9s un vi arom\u00e0tic, untu\u00f3s, complex i amb una gran persist\u00e8ncia en boca. \u00c9s ja un gran vi, ideal per a peix, aus, carns blanques, porc, xai\u2026\" \/>\n<meta property=\"og:url\" content=\"https:\/\/canquera.strateges.fr\/ca\/produit\/el-gat-al-roure\/\" \/>\n<meta property=\"og:site_name\" content=\"Can Quera\" \/>\n<meta property=\"og:image\" content=\"https:\/\/canquera.strateges.fr\/wp-content\/uploads\/2025\/11\/LE-CHAT-DANS-LE-CHENE-01.jpg\" \/>\n\t<meta property=\"og:image:width\" content=\"920\" \/>\n\t<meta property=\"og:image:height\" content=\"920\" \/>\n\t<meta property=\"og:image:type\" content=\"image\/jpeg\" \/>\n<meta name=\"twitter:card\" content=\"summary_large_image\" \/>\n<script type=\"application\/ld+json\" class=\"yoast-schema-graph\">{\"@context\":\"https:\\\/\\\/schema.org\",\"@graph\":[{\"@type\":\"WebPage\",\"@id\":\"https:\\\/\\\/canquera.strateges.fr\\\/ca\\\/produit\\\/el-gat-al-roure\\\/\",\"url\":\"https:\\\/\\\/canquera.strateges.fr\\\/ca\\\/produit\\\/el-gat-al-roure\\\/\",\"name\":\"El Gat al Roure - Can Quera\",\"isPartOf\":{\"@id\":\"https:\\\/\\\/canquera.strateges.fr\\\/ca\\\/#website\"},\"primaryImageOfPage\":{\"@id\":\"https:\\\/\\\/canquera.strateges.fr\\\/ca\\\/produit\\\/el-gat-al-roure\\\/#primaryimage\"},\"image\":{\"@id\":\"https:\\\/\\\/canquera.strateges.fr\\\/ca\\\/produit\\\/el-gat-al-roure\\\/#primaryimage\"},\"thumbnailUrl\":\"https:\\\/\\\/canquera.strateges.fr\\\/wp-content\\\/uploads\\\/2025\\\/11\\\/LE-CHAT-DANS-LE-CHENE-01.jpg\",\"datePublished\":\"2025-11-19T15:00:12+00:00\",\"breadcrumb\":{\"@id\":\"https:\\\/\\\/canquera.strateges.fr\\\/ca\\\/produit\\\/el-gat-al-roure\\\/#breadcrumb\"},\"inLanguage\":\"ca\",\"potentialAction\":[{\"@type\":\"ReadAction\",\"target\":[\"https:\\\/\\\/canquera.strateges.fr\\\/ca\\\/produit\\\/el-gat-al-roure\\\/\"]}]},{\"@type\":\"ImageObject\",\"inLanguage\":\"ca\",\"@id\":\"https:\\\/\\\/canquera.strateges.fr\\\/ca\\\/produit\\\/el-gat-al-roure\\\/#primaryimage\",\"url\":\"https:\\\/\\\/canquera.strateges.fr\\\/wp-content\\\/uploads\\\/2025\\\/11\\\/LE-CHAT-DANS-LE-CHENE-01.jpg\",\"contentUrl\":\"https:\\\/\\\/canquera.strateges.fr\\\/wp-content\\\/uploads\\\/2025\\\/11\\\/LE-CHAT-DANS-LE-CHENE-01.jpg\",\"width\":920,\"height\":920},{\"@type\":\"BreadcrumbList\",\"@id\":\"https:\\\/\\\/canquera.strateges.fr\\\/ca\\\/produit\\\/el-gat-al-roure\\\/#breadcrumb\",\"itemListElement\":[{\"@type\":\"ListItem\",\"position\":1,\"name\":\"Accueil\",\"item\":\"https:\\\/\\\/canquera.strateges.fr\\\/ca\\\/\"},{\"@type\":\"ListItem\",\"position\":2,\"name\":\"Botiga\",\"item\":\"https:\\\/\\\/canquera.strateges.fr\\\/ca\\\/botiga\\\/\"},{\"@type\":\"ListItem\",\"position\":3,\"name\":\"El Gat al Roure\"}]},{\"@type\":\"WebSite\",\"@id\":\"https:\\\/\\\/canquera.strateges.fr\\\/ca\\\/#website\",\"url\":\"https:\\\/\\\/canquera.strateges.fr\\\/ca\\\/\",\"name\":\"Can Quera\",\"description\":\"\",\"publisher\":{\"@id\":\"https:\\\/\\\/canquera.strateges.fr\\\/ca\\\/#organization\"},\"potentialAction\":[{\"@type\":\"SearchAction\",\"target\":{\"@type\":\"EntryPoint\",\"urlTemplate\":\"https:\\\/\\\/canquera.strateges.fr\\\/ca\\\/?s={search_term_string}\"},\"query-input\":{\"@type\":\"PropertyValueSpecification\",\"valueRequired\":true,\"valueName\":\"search_term_string\"}}],\"inLanguage\":\"ca\"},{\"@type\":\"Organization\",\"@id\":\"https:\\\/\\\/canquera.strateges.fr\\\/ca\\\/#organization\",\"name\":\"Can Quera\",\"url\":\"https:\\\/\\\/canquera.strateges.fr\\\/ca\\\/\",\"logo\":{\"@type\":\"ImageObject\",\"inLanguage\":\"ca\",\"@id\":\"https:\\\/\\\/canquera.strateges.fr\\\/ca\\\/#\\\/schema\\\/logo\\\/image\\\/\",\"url\":\"https:\\\/\\\/canquera.strateges.fr\\\/wp-content\\\/uploads\\\/2025\\\/11\\\/logo1-vect-484b15.svg\",\"contentUrl\":\"https:\\\/\\\/canquera.strateges.fr\\\/wp-content\\\/uploads\\\/2025\\\/11\\\/logo1-vect-484b15.svg\",\"caption\":\"Can Quera\"},\"image\":{\"@id\":\"https:\\\/\\\/canquera.strateges.fr\\\/ca\\\/#\\\/schema\\\/logo\\\/image\\\/\"}}]}<\/script>\n<!-- \/ Yoast SEO plugin. -->","yoast_head_json":{"title":"El Gat al Roure - Can Quera","robots":{"index":"index","follow":"follow","max-snippet":"max-snippet:-1","max-image-preview":"max-image-preview:large","max-video-preview":"max-video-preview:-1"},"canonical":"https:\/\/canquera.strateges.fr\/ca\/produit\/el-gat-al-roure\/","og_locale":"ca_ES","og_type":"article","og_title":"El Gat al Roure - Can Quera","og_description":"Que deu el seu nom a un roure de la nostra propietat situat al mig de les nostres vinyes, que t\u00e9 m\u00e9s de 600 anys i est\u00e0 catalogat a Catalunya. Compost per un 70 % de GARNATXA BLANCA i un 30 % de SAUVIGNON BLANC. \u00c9s un vi arom\u00e0tic, untu\u00f3s, complex i amb una gran persist\u00e8ncia en boca. \u00c9s ja un gran vi, ideal per a peix, aus, carns blanques, porc, xai\u2026","og_url":"https:\/\/canquera.strateges.fr\/ca\/produit\/el-gat-al-roure\/","og_site_name":"Can Quera","og_image":[{"width":920,"height":920,"url":"https:\/\/canquera.strateges.fr\/wp-content\/uploads\/2025\/11\/LE-CHAT-DANS-LE-CHENE-01.jpg","type":"image\/jpeg"}],"twitter_card":"summary_large_image","schema":{"@context":"https:\/\/schema.org","@graph":[{"@type":"WebPage","@id":"https:\/\/canquera.strateges.fr\/ca\/produit\/el-gat-al-roure\/","url":"https:\/\/canquera.strateges.fr\/ca\/produit\/el-gat-al-roure\/","name":"El Gat al Roure - Can Quera","isPartOf":{"@id":"https:\/\/canquera.strateges.fr\/ca\/#website"},"primaryImageOfPage":{"@id":"https:\/\/canquera.strateges.fr\/ca\/produit\/el-gat-al-roure\/#primaryimage"},"image":{"@id":"https:\/\/canquera.strateges.fr\/ca\/produit\/el-gat-al-roure\/#primaryimage"},"thumbnailUrl":"https:\/\/canquera.strateges.fr\/wp-content\/uploads\/2025\/11\/LE-CHAT-DANS-LE-CHENE-01.jpg","datePublished":"2025-11-19T15:00:12+00:00","breadcrumb":{"@id":"https:\/\/canquera.strateges.fr\/ca\/produit\/el-gat-al-roure\/#breadcrumb"},"inLanguage":"ca","potentialAction":[{"@type":"ReadAction","target":["https:\/\/canquera.strateges.fr\/ca\/produit\/el-gat-al-roure\/"]}]},{"@type":"ImageObject","inLanguage":"ca","@id":"https:\/\/canquera.strateges.fr\/ca\/produit\/el-gat-al-roure\/#primaryimage","url":"https:\/\/canquera.strateges.fr\/wp-content\/uploads\/2025\/11\/LE-CHAT-DANS-LE-CHENE-01.jpg","contentUrl":"https:\/\/canquera.strateges.fr\/wp-content\/uploads\/2025\/11\/LE-CHAT-DANS-LE-CHENE-01.jpg","width":920,"height":920},{"@type":"BreadcrumbList","@id":"https:\/\/canquera.strateges.fr\/ca\/produit\/el-gat-al-roure\/#breadcrumb","itemListElement":[{"@type":"ListItem","position":1,"name":"Accueil","item":"https:\/\/canquera.strateges.fr\/ca\/"},{"@type":"ListItem","position":2,"name":"Botiga","item":"https:\/\/canquera.strateges.fr\/ca\/botiga\/"},{"@type":"ListItem","position":3,"name":"El Gat al Roure"}]},{"@type":"WebSite","@id":"https:\/\/canquera.strateges.fr\/ca\/#website","url":"https:\/\/canquera.strateges.fr\/ca\/","name":"Can Quera","description":"","publisher":{"@id":"https:\/\/canquera.strateges.fr\/ca\/#organization"},"potentialAction":[{"@type":"SearchAction","target":{"@type":"EntryPoint","urlTemplate":"https:\/\/canquera.strateges.fr\/ca\/?s={search_term_string}"},"query-input":{"@type":"PropertyValueSpecification","valueRequired":true,"valueName":"search_term_string"}}],"inLanguage":"ca"},{"@type":"Organization","@id":"https:\/\/canquera.strateges.fr\/ca\/#organization","name":"Can Quera","url":"https:\/\/canquera.strateges.fr\/ca\/","logo":{"@type":"ImageObject","inLanguage":"ca","@id":"https:\/\/canquera.strateges.fr\/ca\/#\/schema\/logo\/image\/","url":"https:\/\/canquera.strateges.fr\/wp-content\/uploads\/2025\/11\/logo1-vect-484b15.svg","contentUrl":"https:\/\/canquera.strateges.fr\/wp-content\/uploads\/2025\/11\/logo1-vect-484b15.svg","caption":"Can Quera"},"image":{"@id":"https:\/\/canquera.strateges.fr\/ca\/#\/schema\/logo\/image\/"}}]}},"_links":{"self":[{"href":"https:\/\/canquera.strateges.fr\/ca\/wp-json\/wp\/v2\/product\/1056","targetHints":{"allow":["GET"]}}],"collection":[{"href":"https:\/\/canquera.strateges.fr\/ca\/wp-json\/wp\/v2\/product"}],"about":[{"href":"https:\/\/canquera.strateges.fr\/ca\/wp-json\/wp\/v2\/types\/product"}],"wp:featuredmedia":[{"embeddable":true,"href":"https:\/\/canquera.strateges.fr\/ca\/wp-json\/wp\/v2\/media\/631"}],"wp:attachment":[{"href":"https:\/\/canquera.strateges.fr\/ca\/wp-json\/wp\/v2\/media?parent=1056"}],"wp:term":[{"taxonomy":"product_brand","embeddable":true,"href":"https:\/\/canquera.strateges.fr\/ca\/wp-json\/wp\/v2\/product_brand?post=1056"},{"taxonomy":"product_cat","embeddable":true,"href":"https:\/\/canquera.strateges.fr\/ca\/wp-json\/wp\/v2\/product_cat?post=1056"},{"taxonomy":"product_tag","embeddable":true,"href":"https:\/\/canquera.strateges.fr\/ca\/wp-json\/wp\/v2\/product_tag?post=1056"}],"curies":[{"name":"wp","href":"https:\/\/api.w.org\/{rel}","templated":true}]}}