{"id":1092,"date":"2025-11-19T15:56:26","date_gmt":"2025-11-19T14:56:26","guid":{"rendered":"https:\/\/canquera.strateges.fr\/produit\/primaquera-rosat\/"},"modified":"2025-11-19T15:56:26","modified_gmt":"2025-11-19T14:56:26","slug":"primaquera-rosat","status":"publish","type":"product","link":"https:\/\/canquera.strateges.fr\/ca\/produit\/primaquera-rosat\/","title":{"rendered":"Primaquera Rosat"},"content":{"rendered":"","protected":false},"excerpt":{"rendered":"<p>\u00c9s un vi elaborat al 100% amb la varietat Syrah mitjan\u00e7ant sagnat, la qual cosa li confereix aquest bonic color rosat marcat. A difer\u00e8ncia dels vins rosats \u00abf\u00e0cils\u00bb de beure gla\u00e7ats, \u00e9s un vi \u00abgastron\u00f2mic\u00bb per beure just fresc, aix\u00ed es podran apreciar els seus aromes de fruita vermella, la seva untuositat i la seva excel\u00b7lent persist\u00e8ncia en boca.<\/p>\n","protected":false},"featured_media":617,"template":"","meta":{"inline_featured_image":false,"_themeisle_gutenberg_block_has_review":false},"product_brand":[],"product_cat":[36],"product_tag":[44],"class_list":{"0":"post-1092","1":"product","2":"type-product","3":"status-publish","4":"has-post-thumbnail","6":"product_cat-els-nostres-vins","7":"product_tag-vi-rosat","9":"first","10":"instock","11":"shipping-taxable","12":"purchasable","13":"product-type-simple"},"yoast_head":"<!-- This site is optimized with the Yoast SEO plugin v27.3 - https:\/\/yoast.com\/product\/yoast-seo-wordpress\/ -->\n<title>Primaquera Rosat - Can Quera<\/title>\n<meta name=\"robots\" content=\"index, follow, max-snippet:-1, max-image-preview:large, max-video-preview:-1\" \/>\n<link rel=\"canonical\" href=\"https:\/\/canquera.strateges.fr\/ca\/produit\/primaquera-rosat\/\" \/>\n<meta property=\"og:locale\" content=\"ca_ES\" \/>\n<meta property=\"og:type\" content=\"article\" \/>\n<meta property=\"og:title\" content=\"Primaquera Rosat - Can Quera\" \/>\n<meta property=\"og:description\" content=\"\u00c9s un vi elaborat al 100% amb la varietat Syrah mitjan\u00e7ant sagnat, la qual cosa li confereix aquest bonic color rosat marcat. A difer\u00e8ncia dels vins rosats \u00abf\u00e0cils\u00bb de beure gla\u00e7ats, \u00e9s un vi \u00abgastron\u00f2mic\u00bb per beure just fresc, aix\u00ed es podran apreciar els seus aromes de fruita vermella, la seva untuositat i la seva excel\u00b7lent persist\u00e8ncia en boca.\" \/>\n<meta property=\"og:url\" content=\"https:\/\/canquera.strateges.fr\/ca\/produit\/primaquera-rosat\/\" \/>\n<meta property=\"og:site_name\" content=\"Can Quera\" \/>\n<meta property=\"og:image\" content=\"https:\/\/canquera.strateges.fr\/wp-content\/uploads\/2025\/11\/PRIMAQUERA-ROSE-01.jpg\" \/>\n\t<meta property=\"og:image:width\" content=\"920\" \/>\n\t<meta property=\"og:image:height\" content=\"920\" \/>\n\t<meta property=\"og:image:type\" content=\"image\/jpeg\" \/>\n<meta name=\"twitter:card\" content=\"summary_large_image\" \/>\n<script type=\"application\/ld+json\" class=\"yoast-schema-graph\">{\"@context\":\"https:\\\/\\\/schema.org\",\"@graph\":[{\"@type\":\"WebPage\",\"@id\":\"https:\\\/\\\/canquera.strateges.fr\\\/ca\\\/produit\\\/primaquera-rosat\\\/\",\"url\":\"https:\\\/\\\/canquera.strateges.fr\\\/ca\\\/produit\\\/primaquera-rosat\\\/\",\"name\":\"Primaquera Rosat - Can Quera\",\"isPartOf\":{\"@id\":\"https:\\\/\\\/canquera.strateges.fr\\\/ca\\\/#website\"},\"primaryImageOfPage\":{\"@id\":\"https:\\\/\\\/canquera.strateges.fr\\\/ca\\\/produit\\\/primaquera-rosat\\\/#primaryimage\"},\"image\":{\"@id\":\"https:\\\/\\\/canquera.strateges.fr\\\/ca\\\/produit\\\/primaquera-rosat\\\/#primaryimage\"},\"thumbnailUrl\":\"https:\\\/\\\/canquera.strateges.fr\\\/wp-content\\\/uploads\\\/2025\\\/11\\\/PRIMAQUERA-ROSE-01.jpg\",\"datePublished\":\"2025-11-19T14:56:26+00:00\",\"breadcrumb\":{\"@id\":\"https:\\\/\\\/canquera.strateges.fr\\\/ca\\\/produit\\\/primaquera-rosat\\\/#breadcrumb\"},\"inLanguage\":\"ca\",\"potentialAction\":[{\"@type\":\"ReadAction\",\"target\":[\"https:\\\/\\\/canquera.strateges.fr\\\/ca\\\/produit\\\/primaquera-rosat\\\/\"]}]},{\"@type\":\"ImageObject\",\"inLanguage\":\"ca\",\"@id\":\"https:\\\/\\\/canquera.strateges.fr\\\/ca\\\/produit\\\/primaquera-rosat\\\/#primaryimage\",\"url\":\"https:\\\/\\\/canquera.strateges.fr\\\/wp-content\\\/uploads\\\/2025\\\/11\\\/PRIMAQUERA-ROSE-01.jpg\",\"contentUrl\":\"https:\\\/\\\/canquera.strateges.fr\\\/wp-content\\\/uploads\\\/2025\\\/11\\\/PRIMAQUERA-ROSE-01.jpg\",\"width\":920,\"height\":920},{\"@type\":\"BreadcrumbList\",\"@id\":\"https:\\\/\\\/canquera.strateges.fr\\\/ca\\\/produit\\\/primaquera-rosat\\\/#breadcrumb\",\"itemListElement\":[{\"@type\":\"ListItem\",\"position\":1,\"name\":\"Accueil\",\"item\":\"https:\\\/\\\/canquera.strateges.fr\\\/ca\\\/\"},{\"@type\":\"ListItem\",\"position\":2,\"name\":\"Botiga\",\"item\":\"https:\\\/\\\/canquera.strateges.fr\\\/ca\\\/botiga\\\/\"},{\"@type\":\"ListItem\",\"position\":3,\"name\":\"Primaquera Rosat\"}]},{\"@type\":\"WebSite\",\"@id\":\"https:\\\/\\\/canquera.strateges.fr\\\/ca\\\/#website\",\"url\":\"https:\\\/\\\/canquera.strateges.fr\\\/ca\\\/\",\"name\":\"Can Quera\",\"description\":\"\",\"publisher\":{\"@id\":\"https:\\\/\\\/canquera.strateges.fr\\\/ca\\\/#organization\"},\"potentialAction\":[{\"@type\":\"SearchAction\",\"target\":{\"@type\":\"EntryPoint\",\"urlTemplate\":\"https:\\\/\\\/canquera.strateges.fr\\\/ca\\\/?s={search_term_string}\"},\"query-input\":{\"@type\":\"PropertyValueSpecification\",\"valueRequired\":true,\"valueName\":\"search_term_string\"}}],\"inLanguage\":\"ca\"},{\"@type\":\"Organization\",\"@id\":\"https:\\\/\\\/canquera.strateges.fr\\\/ca\\\/#organization\",\"name\":\"Can Quera\",\"url\":\"https:\\\/\\\/canquera.strateges.fr\\\/ca\\\/\",\"logo\":{\"@type\":\"ImageObject\",\"inLanguage\":\"ca\",\"@id\":\"https:\\\/\\\/canquera.strateges.fr\\\/ca\\\/#\\\/schema\\\/logo\\\/image\\\/\",\"url\":\"https:\\\/\\\/canquera.strateges.fr\\\/wp-content\\\/uploads\\\/2025\\\/11\\\/logo1-vect-484b15.svg\",\"contentUrl\":\"https:\\\/\\\/canquera.strateges.fr\\\/wp-content\\\/uploads\\\/2025\\\/11\\\/logo1-vect-484b15.svg\",\"caption\":\"Can Quera\"},\"image\":{\"@id\":\"https:\\\/\\\/canquera.strateges.fr\\\/ca\\\/#\\\/schema\\\/logo\\\/image\\\/\"}}]}<\/script>\n<!-- \/ Yoast SEO plugin. -->","yoast_head_json":{"title":"Primaquera Rosat - Can Quera","robots":{"index":"index","follow":"follow","max-snippet":"max-snippet:-1","max-image-preview":"max-image-preview:large","max-video-preview":"max-video-preview:-1"},"canonical":"https:\/\/canquera.strateges.fr\/ca\/produit\/primaquera-rosat\/","og_locale":"ca_ES","og_type":"article","og_title":"Primaquera Rosat - Can Quera","og_description":"\u00c9s un vi elaborat al 100% amb la varietat Syrah mitjan\u00e7ant sagnat, la qual cosa li confereix aquest bonic color rosat marcat. A difer\u00e8ncia dels vins rosats \u00abf\u00e0cils\u00bb de beure gla\u00e7ats, \u00e9s un vi \u00abgastron\u00f2mic\u00bb per beure just fresc, aix\u00ed es podran apreciar els seus aromes de fruita vermella, la seva untuositat i la seva excel\u00b7lent persist\u00e8ncia en boca.","og_url":"https:\/\/canquera.strateges.fr\/ca\/produit\/primaquera-rosat\/","og_site_name":"Can Quera","og_image":[{"width":920,"height":920,"url":"https:\/\/canquera.strateges.fr\/wp-content\/uploads\/2025\/11\/PRIMAQUERA-ROSE-01.jpg","type":"image\/jpeg"}],"twitter_card":"summary_large_image","schema":{"@context":"https:\/\/schema.org","@graph":[{"@type":"WebPage","@id":"https:\/\/canquera.strateges.fr\/ca\/produit\/primaquera-rosat\/","url":"https:\/\/canquera.strateges.fr\/ca\/produit\/primaquera-rosat\/","name":"Primaquera Rosat - Can Quera","isPartOf":{"@id":"https:\/\/canquera.strateges.fr\/ca\/#website"},"primaryImageOfPage":{"@id":"https:\/\/canquera.strateges.fr\/ca\/produit\/primaquera-rosat\/#primaryimage"},"image":{"@id":"https:\/\/canquera.strateges.fr\/ca\/produit\/primaquera-rosat\/#primaryimage"},"thumbnailUrl":"https:\/\/canquera.strateges.fr\/wp-content\/uploads\/2025\/11\/PRIMAQUERA-ROSE-01.jpg","datePublished":"2025-11-19T14:56:26+00:00","breadcrumb":{"@id":"https:\/\/canquera.strateges.fr\/ca\/produit\/primaquera-rosat\/#breadcrumb"},"inLanguage":"ca","potentialAction":[{"@type":"ReadAction","target":["https:\/\/canquera.strateges.fr\/ca\/produit\/primaquera-rosat\/"]}]},{"@type":"ImageObject","inLanguage":"ca","@id":"https:\/\/canquera.strateges.fr\/ca\/produit\/primaquera-rosat\/#primaryimage","url":"https:\/\/canquera.strateges.fr\/wp-content\/uploads\/2025\/11\/PRIMAQUERA-ROSE-01.jpg","contentUrl":"https:\/\/canquera.strateges.fr\/wp-content\/uploads\/2025\/11\/PRIMAQUERA-ROSE-01.jpg","width":920,"height":920},{"@type":"BreadcrumbList","@id":"https:\/\/canquera.strateges.fr\/ca\/produit\/primaquera-rosat\/#breadcrumb","itemListElement":[{"@type":"ListItem","position":1,"name":"Accueil","item":"https:\/\/canquera.strateges.fr\/ca\/"},{"@type":"ListItem","position":2,"name":"Botiga","item":"https:\/\/canquera.strateges.fr\/ca\/botiga\/"},{"@type":"ListItem","position":3,"name":"Primaquera Rosat"}]},{"@type":"WebSite","@id":"https:\/\/canquera.strateges.fr\/ca\/#website","url":"https:\/\/canquera.strateges.fr\/ca\/","name":"Can Quera","description":"","publisher":{"@id":"https:\/\/canquera.strateges.fr\/ca\/#organization"},"potentialAction":[{"@type":"SearchAction","target":{"@type":"EntryPoint","urlTemplate":"https:\/\/canquera.strateges.fr\/ca\/?s={search_term_string}"},"query-input":{"@type":"PropertyValueSpecification","valueRequired":true,"valueName":"search_term_string"}}],"inLanguage":"ca"},{"@type":"Organization","@id":"https:\/\/canquera.strateges.fr\/ca\/#organization","name":"Can Quera","url":"https:\/\/canquera.strateges.fr\/ca\/","logo":{"@type":"ImageObject","inLanguage":"ca","@id":"https:\/\/canquera.strateges.fr\/ca\/#\/schema\/logo\/image\/","url":"https:\/\/canquera.strateges.fr\/wp-content\/uploads\/2025\/11\/logo1-vect-484b15.svg","contentUrl":"https:\/\/canquera.strateges.fr\/wp-content\/uploads\/2025\/11\/logo1-vect-484b15.svg","caption":"Can Quera"},"image":{"@id":"https:\/\/canquera.strateges.fr\/ca\/#\/schema\/logo\/image\/"}}]}},"_links":{"self":[{"href":"https:\/\/canquera.strateges.fr\/ca\/wp-json\/wp\/v2\/product\/1092","targetHints":{"allow":["GET"]}}],"collection":[{"href":"https:\/\/canquera.strateges.fr\/ca\/wp-json\/wp\/v2\/product"}],"about":[{"href":"https:\/\/canquera.strateges.fr\/ca\/wp-json\/wp\/v2\/types\/product"}],"wp:featuredmedia":[{"embeddable":true,"href":"https:\/\/canquera.strateges.fr\/ca\/wp-json\/wp\/v2\/media\/617"}],"wp:attachment":[{"href":"https:\/\/canquera.strateges.fr\/ca\/wp-json\/wp\/v2\/media?parent=1092"}],"wp:term":[{"taxonomy":"product_brand","embeddable":true,"href":"https:\/\/canquera.strateges.fr\/ca\/wp-json\/wp\/v2\/product_brand?post=1092"},{"taxonomy":"product_cat","embeddable":true,"href":"https:\/\/canquera.strateges.fr\/ca\/wp-json\/wp\/v2\/product_cat?post=1092"},{"taxonomy":"product_tag","embeddable":true,"href":"https:\/\/canquera.strateges.fr\/ca\/wp-json\/wp\/v2\/product_tag?post=1092"}],"curies":[{"name":"wp","href":"https:\/\/api.w.org\/{rel}","templated":true}]}}