{"id":1036,"date":"2025-11-18T15:07:31","date_gmt":"2025-11-18T14:07:31","guid":{"rendered":"https:\/\/canquera.strateges.fr\/la-finca\/"},"modified":"2026-04-07T11:36:11","modified_gmt":"2026-04-07T09:36:11","slug":"la-finca","status":"publish","type":"page","link":"https:\/\/canquera.strateges.fr\/es\/la-finca\/","title":{"rendered":"La Finca"},"content":{"rendered":"\n<div class=\"wp-block-group alignwide is-layout-flow wp-block-group-is-layout-flow\" style=\"padding-top:0;padding-bottom:0\">\n<div class=\"wp-block-columns is-layout-flex wp-container-core-columns-is-layout-28f84493 wp-block-columns-is-layout-flex\">\n<div class=\"wp-block-column is-vertically-aligned-top  gbvc-hide-on-mobile is-layout-flow wp-block-column-is-layout-flow\" style=\"flex-basis:40%\">\n<figure class=\"wp-block-image size-large wp-container-content-dc435e0d\" style=\"margin-bottom:var(--wp--preset--spacing--80)\"><img loading=\"lazy\" decoding=\"async\" width=\"1024\" height=\"1024\" src=\"https:\/\/canquera.strateges.fr\/wp-content\/uploads\/2025\/12\/can-quera-le-cirque-01-1024x1024.jpg\" alt=\"\" class=\"wp-image-378\" srcset=\"https:\/\/canquera.strateges.fr\/wp-content\/uploads\/2025\/12\/can-quera-le-cirque-01-1024x1024.jpg 1024w, https:\/\/canquera.strateges.fr\/wp-content\/uploads\/2025\/12\/can-quera-le-cirque-01-300x300.jpg 300w, https:\/\/canquera.strateges.fr\/wp-content\/uploads\/2025\/12\/can-quera-le-cirque-01-150x150.jpg 150w, https:\/\/canquera.strateges.fr\/wp-content\/uploads\/2025\/12\/can-quera-le-cirque-01-768x768.jpg 768w, https:\/\/canquera.strateges.fr\/wp-content\/uploads\/2025\/12\/can-quera-le-cirque-01-600x600.jpg 600w, https:\/\/canquera.strateges.fr\/wp-content\/uploads\/2025\/12\/can-quera-le-cirque-01-100x100.jpg 100w, https:\/\/canquera.strateges.fr\/wp-content\/uploads\/2025\/12\/can-quera-le-cirque-01.jpg 1168w\" sizes=\"auto, (max-width: 1024px) 100vw, 1024px\" \/><\/figure>\n<\/div>\n\n\n\n<div class=\"wp-block-column is-vertically-aligned-bottom is-layout-flow wp-block-column-is-layout-flow\" style=\"flex-basis:60%\">\n<div class=\"wp-block-group wp-container-content-9e2f13cb has-global-padding is-content-justification-left is-layout-constrained wp-container-core-group-is-layout-74cbbf86 wp-block-group-is-layout-constrained\">\n<h2 class=\"wp-block-heading animated fadeIn delay-200ms\">El Circo de los Pirineos<\/h2>\n\n\n\n<p class=\"animated fadeIn delay-500ms\">Situada en <strong>Catalu\u00f1a<\/strong>, en los municipios de <strong>La Vajol<\/strong> y <strong>Agullana<\/strong>, a tan solo 8 kil\u00f3metros de <strong>La Jonquera<\/strong>, la finca se extiende sobre casi <strong>200 hect\u00e1reas, entre 500 y 900 metros de altitud<\/strong>, a las puertas de la frontera francesa. Este vasto territorio est\u00e1 esencialmente cubierto de encina, roble albar, alcornoque y casta\u00f1os, formando un entorno natural preservado y aut\u00e9ntico. La finca se compone de dos entidades contiguas, <strong>Can Quera<\/strong> y <strong>Can Comaulis<\/strong>, cuyas edificaciones, enteramente construidas en piedra gran\u00edtica, son t\u00edpicas de la arquitectura local. En la vivienda principal, algunos dinteles atestiguan construcciones que datan de 1644, lo que hace suponer una historia a\u00fan m\u00e1s antigua.   <\/p>\n\n\n\n<p>La finca dibuja un aut\u00e9ntico <strong>circo natural en media luna<\/strong>, orientado al sur en la vertiente de los Pirineos. Esta configuraci\u00f3n geogr\u00e1fica ofrece una protecci\u00f3n natural contra la <strong>tramontana<\/strong>, viento fr\u00edo procedente del norte. Por el contrario, los edificios se abren ampliamente a una <strong>vista espectacular sobre el mar y la bah\u00eda de Rosas<\/strong>, creando un contraste impresionante entre monta\u00f1a y Mediterr\u00e1neo.  <\/p>\n\n\n\n<p class=\"animated fadeIn delay-500ms\">Cada ma\u00f1ana, desde el mes de septiembre, la finca se despierta al ritmo de <strong>magn\u00edficos amaneceres<\/strong>, ofreciendo un espect\u00e1culo cotidiano que subraya el car\u00e1cter \u00fanico y privilegiado de este lugar fuera del tiempo.<\/p>\n<\/div>\n<\/div>\n\n\n\n<div class=\"wp-block-column is-vertically-aligned-top  gbvc-hide-on-tablet gbvc-hide-on-desktop is-layout-flow wp-block-column-is-layout-flow\" style=\"flex-basis:40%\">\n<figure class=\"wp-block-image size-large wp-container-content-dc435e0d\" style=\"margin-bottom:var(--wp--preset--spacing--80)\"><img loading=\"lazy\" decoding=\"async\" width=\"1024\" height=\"1024\" src=\"https:\/\/canquera.strateges.fr\/wp-content\/uploads\/2025\/12\/can-quera-le-cirque-01-1024x1024.jpg\" alt=\"\" class=\"wp-image-378\" srcset=\"https:\/\/canquera.strateges.fr\/wp-content\/uploads\/2025\/12\/can-quera-le-cirque-01-1024x1024.jpg 1024w, https:\/\/canquera.strateges.fr\/wp-content\/uploads\/2025\/12\/can-quera-le-cirque-01-300x300.jpg 300w, https:\/\/canquera.strateges.fr\/wp-content\/uploads\/2025\/12\/can-quera-le-cirque-01-150x150.jpg 150w, https:\/\/canquera.strateges.fr\/wp-content\/uploads\/2025\/12\/can-quera-le-cirque-01-768x768.jpg 768w, https:\/\/canquera.strateges.fr\/wp-content\/uploads\/2025\/12\/can-quera-le-cirque-01-600x600.jpg 600w, https:\/\/canquera.strateges.fr\/wp-content\/uploads\/2025\/12\/can-quera-le-cirque-01-100x100.jpg 100w, https:\/\/canquera.strateges.fr\/wp-content\/uploads\/2025\/12\/can-quera-le-cirque-01.jpg 1168w\" sizes=\"auto, (max-width: 1024px) 100vw, 1024px\" \/><\/figure>\n<\/div>\n<\/div>\n<\/div>\n\n<div class=\"wp-block-group alignwide animated fadeIn o-anim-offset-200px has-global-padding is-layout-constrained wp-block-group-is-layout-constrained\">\n<div class=\"wp-block-columns alignwide is-layout-flex wp-container-core-columns-is-layout-9c22b1e3 wp-block-columns-is-layout-flex\">\n<div class=\"wp-block-column is-vertically-aligned-center is-layout-flow wp-block-column-is-layout-flow\" style=\"flex-basis:40%\">\n<h3 class=\"wp-block-heading\" style=\"border-bottom-width:2px;margin-top:0;margin-right:-60px;margin-bottom:0;padding-top:var(--wp--preset--spacing--30);padding-bottom:var(--wp--preset--spacing--20)\">2019<\/h3>\n\n\n\n<p style=\"margin-top:var(--wp--preset--spacing--20)\">Descubrimiento y adquisici\u00f3n<\/p>\n\n\n\n<h3 class=\"wp-block-heading\" style=\"border-bottom-width:2px;margin-top:var(--wp--preset--spacing--30);margin-right:-60px;margin-bottom:var(--wp--preset--spacing--20)\">2020-21<\/h3>\n\n\n\n<p style=\"margin-top:var(--wp--preset--spacing--20)\">Renacimiento de las terrazas<\/p>\n\n\n\n<h3 class=\"wp-block-heading o-anim-value-delay-800ms\" style=\"border-bottom-width:2px;margin-top:0;margin-right:-60px;margin-bottom:0;padding-top:var(--wp--preset--spacing--30);padding-bottom:var(--wp--preset--spacing--20)\">2025<\/h3>\n\n\n\n<p class=\"o-anim-value-delay-800ms\" style=\"margin-top:var(--wp--preset--spacing--20)\">Inauguraci\u00f3n de la bodega y primeras a\u00f1adas<\/p>\n<\/div>\n\n\n\n<div class=\"wp-block-column is-layout-flow wp-block-column-is-layout-flow\" style=\"flex-basis:60%\">\n<figure class=\"wp-block-image size-full\"><img loading=\"lazy\" decoding=\"async\" width=\"800\" height=\"546\" src=\"https:\/\/canquera.strateges.fr\/wp-content\/uploads\/2025\/12\/histoire-01.png\" alt=\"\" class=\"wp-image-406\" srcset=\"https:\/\/canquera.strateges.fr\/wp-content\/uploads\/2025\/12\/histoire-01.png 800w, https:\/\/canquera.strateges.fr\/wp-content\/uploads\/2025\/12\/histoire-01-300x205.png 300w, https:\/\/canquera.strateges.fr\/wp-content\/uploads\/2025\/12\/histoire-01-768x524.png 768w, https:\/\/canquera.strateges.fr\/wp-content\/uploads\/2025\/12\/histoire-01-600x410.png 600w\" sizes=\"auto, (max-width: 800px) 100vw, 800px\" \/><\/figure>\n<\/div>\n<\/div>\n<\/div>\n\n<div class=\"wp-block-group animated fadeIn o-anim-offset-200px has-global-padding is-layout-constrained wp-block-group-is-layout-constrained\">\n<h2 class=\"wp-block-heading\">La aventura vitivin\u00edcola de una familia<\/h2>\n\n\n\n<p>Tras la cesi\u00f3n de su propiedad en Francia, <strong>Marie y Denis Barth\u00e9l\u00e9my<\/strong> se ponen en busca de un nuevo lugar de vida y proyecto en Catalu\u00f1a. Despu\u00e9s de numerosas visitas sin verdadero flechazo, descubren finalmente, cerca de La Jonquera y enclavada en plena monta\u00f1a, la <strong>Finca Can Quera<\/strong>. Desde la primera visita, la evidencia se impone. La finca re\u00fane en efecto todos los criterios buscados: una calma absoluta, hermosos edificios de piedra perfectamente conservados, as\u00ed como un panorama excepcional que ofrece una vista impresionante sobre la monta\u00f1a y el mar. La propiedad se adquiere en 2019. En ese momento, a\u00fan no se contempla ning\u00fan proyecto vitivin\u00edcola.     <\/p>\n\n\n\n<p>No es hasta despu\u00e9s de la compra que los propietarios descubren que la mas\u00eda est\u00e1 rodeada de numerosas terrazas agr\u00edcolas, en su mayor\u00eda abandonadas desde hace m\u00e1s de un siglo. Este paisaje singular evoca inmediatamente a Denis, gran aficionado al vino, el biotopo de C\u00f4te-R\u00f4tie en Francia. Los trabajos de desbroce comienzan entonces y revelan soberbias terrazas orientadas al sur. Se realizan an\u00e1lisis de suelos que confirman un potencial notable. No hace falta m\u00e1s para que nazca la pasi\u00f3n vitivin\u00edcola\u2026 El proyecto toma forma.    <\/p>\n\n\n\n<p>Durante una de sus visitas, su hija <strong>Marie-Ga\u00eblle<\/strong>, entonces instalada en Burdeos donde vive y trabaja, tambi\u00e9n queda cautivada por Can Quera. Animada por la misma pasi\u00f3n, decide sin dudar dejar su empleo para reconvertirse en la viticultura. Obtiene con \u00e9xito un BTS de Viticultura y Enolog\u00eda en Burdeos, trabajando paralelamente durante tres campa\u00f1as de vendimia y vinificaci\u00f3n en una de las mayores fincas bordelesas, propietaria de varios vi\u00f1edos, entre ellos Grands Crus Class\u00e9s. Hoy en d\u00eda, <strong>Marie-Ga\u00eblle asegura la gesti\u00f3n y el desarrollo de la finca Can Quera<\/strong>.   <\/p>\n<\/div>\n","protected":false},"excerpt":{"rendered":"<p>El Circo de los Pirineos Situada en Catalu\u00f1a, en los municipios de La Vajol y Agullana, a tan solo 8 kil\u00f3metros de La Jonquera, la finca se extiende sobre casi 200 hect\u00e1reas, entre 500 y 900 metros de altitud, a las puertas de la frontera francesa. Este vasto territorio est\u00e1 esencialmente cubierto de encina, roble [&hellip;]<\/p>\n","protected":false},"author":1,"featured_media":0,"parent":0,"menu_order":0,"comment_status":"closed","ping_status":"closed","template":"","meta":{"inline_featured_image":false,"_themeisle_gutenberg_block_has_review":false,"footnotes":""},"class_list":["post-1036","page","type-page","status-publish","hentry"],"yoast_head":"<!-- This site is optimized with the Yoast SEO plugin v27.3 - https:\/\/yoast.com\/product\/yoast-seo-wordpress\/ -->\n<title>La Finca - Can Quera<\/title>\n<meta name=\"robots\" content=\"index, follow, max-snippet:-1, max-image-preview:large, max-video-preview:-1\" \/>\n<link rel=\"canonical\" href=\"https:\/\/canquera.strateges.fr\/es\/la-finca\/\" \/>\n<meta property=\"og:locale\" content=\"es_ES\" \/>\n<meta property=\"og:type\" content=\"article\" \/>\n<meta property=\"og:title\" content=\"La Finca - Can Quera\" \/>\n<meta property=\"og:description\" content=\"El Circo de los Pirineos Situada en Catalu\u00f1a, en los municipios de La Vajol y Agullana, a tan solo 8 kil\u00f3metros de La Jonquera, la finca se extiende sobre casi 200 hect\u00e1reas, entre 500 y 900 metros de altitud, a las puertas de la frontera francesa. Este vasto territorio est\u00e1 esencialmente cubierto de encina, roble [&hellip;]\" \/>\n<meta property=\"og:url\" content=\"https:\/\/canquera.strateges.fr\/es\/la-finca\/\" \/>\n<meta property=\"og:site_name\" content=\"Can Quera\" \/>\n<meta property=\"article:modified_time\" content=\"2026-04-07T09:36:11+00:00\" \/>\n<meta property=\"og:image\" content=\"https:\/\/canquera.strateges.fr\/wp-content\/uploads\/2025\/12\/can-quera-le-cirque-01.jpg\" \/>\n\t<meta property=\"og:image:width\" content=\"1168\" \/>\n\t<meta property=\"og:image:height\" content=\"1168\" \/>\n\t<meta property=\"og:image:type\" content=\"image\/jpeg\" \/>\n<meta name=\"twitter:card\" content=\"summary_large_image\" \/>\n<meta name=\"twitter:label1\" content=\"Tiempo de lectura\" \/>\n\t<meta name=\"twitter:data1\" content=\"3 minutos\" \/>\n<script type=\"application\/ld+json\" class=\"yoast-schema-graph\">{\"@context\":\"https:\\\/\\\/schema.org\",\"@graph\":[{\"@type\":\"WebPage\",\"@id\":\"https:\\\/\\\/canquera.strateges.fr\\\/es\\\/la-finca\\\/\",\"url\":\"https:\\\/\\\/canquera.strateges.fr\\\/es\\\/la-finca\\\/\",\"name\":\"La Finca - Can Quera\",\"isPartOf\":{\"@id\":\"https:\\\/\\\/canquera.strateges.fr\\\/es\\\/#website\"},\"primaryImageOfPage\":{\"@id\":\"https:\\\/\\\/canquera.strateges.fr\\\/es\\\/la-finca\\\/#primaryimage\"},\"image\":{\"@id\":\"https:\\\/\\\/canquera.strateges.fr\\\/es\\\/la-finca\\\/#primaryimage\"},\"thumbnailUrl\":\"https:\\\/\\\/canquera.strateges.fr\\\/wp-content\\\/uploads\\\/2025\\\/12\\\/can-quera-le-cirque-01-1024x1024.jpg\",\"datePublished\":\"2025-11-18T14:07:31+00:00\",\"dateModified\":\"2026-04-07T09:36:11+00:00\",\"breadcrumb\":{\"@id\":\"https:\\\/\\\/canquera.strateges.fr\\\/es\\\/la-finca\\\/#breadcrumb\"},\"inLanguage\":\"es\",\"potentialAction\":[{\"@type\":\"ReadAction\",\"target\":[\"https:\\\/\\\/canquera.strateges.fr\\\/es\\\/la-finca\\\/\"]}]},{\"@type\":\"ImageObject\",\"inLanguage\":\"es\",\"@id\":\"https:\\\/\\\/canquera.strateges.fr\\\/es\\\/la-finca\\\/#primaryimage\",\"url\":\"https:\\\/\\\/canquera.strateges.fr\\\/wp-content\\\/uploads\\\/2025\\\/12\\\/can-quera-le-cirque-01-1024x1024.jpg\",\"contentUrl\":\"https:\\\/\\\/canquera.strateges.fr\\\/wp-content\\\/uploads\\\/2025\\\/12\\\/can-quera-le-cirque-01-1024x1024.jpg\"},{\"@type\":\"BreadcrumbList\",\"@id\":\"https:\\\/\\\/canquera.strateges.fr\\\/es\\\/la-finca\\\/#breadcrumb\",\"itemListElement\":[{\"@type\":\"ListItem\",\"position\":1,\"name\":\"Accueil\",\"item\":\"https:\\\/\\\/canquera.strateges.fr\\\/es\\\/\"},{\"@type\":\"ListItem\",\"position\":2,\"name\":\"La Finca\"}]},{\"@type\":\"WebSite\",\"@id\":\"https:\\\/\\\/canquera.strateges.fr\\\/es\\\/#website\",\"url\":\"https:\\\/\\\/canquera.strateges.fr\\\/es\\\/\",\"name\":\"Can Quera\",\"description\":\"\",\"publisher\":{\"@id\":\"https:\\\/\\\/canquera.strateges.fr\\\/es\\\/#organization\"},\"potentialAction\":[{\"@type\":\"SearchAction\",\"target\":{\"@type\":\"EntryPoint\",\"urlTemplate\":\"https:\\\/\\\/canquera.strateges.fr\\\/es\\\/?s={search_term_string}\"},\"query-input\":{\"@type\":\"PropertyValueSpecification\",\"valueRequired\":true,\"valueName\":\"search_term_string\"}}],\"inLanguage\":\"es\"},{\"@type\":\"Organization\",\"@id\":\"https:\\\/\\\/canquera.strateges.fr\\\/es\\\/#organization\",\"name\":\"Can Quera\",\"url\":\"https:\\\/\\\/canquera.strateges.fr\\\/es\\\/\",\"logo\":{\"@type\":\"ImageObject\",\"inLanguage\":\"es\",\"@id\":\"https:\\\/\\\/canquera.strateges.fr\\\/es\\\/#\\\/schema\\\/logo\\\/image\\\/\",\"url\":\"https:\\\/\\\/canquera.strateges.fr\\\/wp-content\\\/uploads\\\/2025\\\/11\\\/logo1-vect-484b15.svg\",\"contentUrl\":\"https:\\\/\\\/canquera.strateges.fr\\\/wp-content\\\/uploads\\\/2025\\\/11\\\/logo1-vect-484b15.svg\",\"caption\":\"Can Quera\"},\"image\":{\"@id\":\"https:\\\/\\\/canquera.strateges.fr\\\/es\\\/#\\\/schema\\\/logo\\\/image\\\/\"}}]}<\/script>\n<!-- \/ Yoast SEO plugin. -->","yoast_head_json":{"title":"La Finca - Can Quera","robots":{"index":"index","follow":"follow","max-snippet":"max-snippet:-1","max-image-preview":"max-image-preview:large","max-video-preview":"max-video-preview:-1"},"canonical":"https:\/\/canquera.strateges.fr\/es\/la-finca\/","og_locale":"es_ES","og_type":"article","og_title":"La Finca - Can Quera","og_description":"El Circo de los Pirineos Situada en Catalu\u00f1a, en los municipios de La Vajol y Agullana, a tan solo 8 kil\u00f3metros de La Jonquera, la finca se extiende sobre casi 200 hect\u00e1reas, entre 500 y 900 metros de altitud, a las puertas de la frontera francesa. Este vasto territorio est\u00e1 esencialmente cubierto de encina, roble [&hellip;]","og_url":"https:\/\/canquera.strateges.fr\/es\/la-finca\/","og_site_name":"Can Quera","article_modified_time":"2026-04-07T09:36:11+00:00","og_image":[{"width":1168,"height":1168,"url":"https:\/\/canquera.strateges.fr\/wp-content\/uploads\/2025\/12\/can-quera-le-cirque-01.jpg","type":"image\/jpeg"}],"twitter_card":"summary_large_image","twitter_misc":{"Tiempo de lectura":"3 minutos"},"schema":{"@context":"https:\/\/schema.org","@graph":[{"@type":"WebPage","@id":"https:\/\/canquera.strateges.fr\/es\/la-finca\/","url":"https:\/\/canquera.strateges.fr\/es\/la-finca\/","name":"La Finca - Can Quera","isPartOf":{"@id":"https:\/\/canquera.strateges.fr\/es\/#website"},"primaryImageOfPage":{"@id":"https:\/\/canquera.strateges.fr\/es\/la-finca\/#primaryimage"},"image":{"@id":"https:\/\/canquera.strateges.fr\/es\/la-finca\/#primaryimage"},"thumbnailUrl":"https:\/\/canquera.strateges.fr\/wp-content\/uploads\/2025\/12\/can-quera-le-cirque-01-1024x1024.jpg","datePublished":"2025-11-18T14:07:31+00:00","dateModified":"2026-04-07T09:36:11+00:00","breadcrumb":{"@id":"https:\/\/canquera.strateges.fr\/es\/la-finca\/#breadcrumb"},"inLanguage":"es","potentialAction":[{"@type":"ReadAction","target":["https:\/\/canquera.strateges.fr\/es\/la-finca\/"]}]},{"@type":"ImageObject","inLanguage":"es","@id":"https:\/\/canquera.strateges.fr\/es\/la-finca\/#primaryimage","url":"https:\/\/canquera.strateges.fr\/wp-content\/uploads\/2025\/12\/can-quera-le-cirque-01-1024x1024.jpg","contentUrl":"https:\/\/canquera.strateges.fr\/wp-content\/uploads\/2025\/12\/can-quera-le-cirque-01-1024x1024.jpg"},{"@type":"BreadcrumbList","@id":"https:\/\/canquera.strateges.fr\/es\/la-finca\/#breadcrumb","itemListElement":[{"@type":"ListItem","position":1,"name":"Accueil","item":"https:\/\/canquera.strateges.fr\/es\/"},{"@type":"ListItem","position":2,"name":"La Finca"}]},{"@type":"WebSite","@id":"https:\/\/canquera.strateges.fr\/es\/#website","url":"https:\/\/canquera.strateges.fr\/es\/","name":"Can Quera","description":"","publisher":{"@id":"https:\/\/canquera.strateges.fr\/es\/#organization"},"potentialAction":[{"@type":"SearchAction","target":{"@type":"EntryPoint","urlTemplate":"https:\/\/canquera.strateges.fr\/es\/?s={search_term_string}"},"query-input":{"@type":"PropertyValueSpecification","valueRequired":true,"valueName":"search_term_string"}}],"inLanguage":"es"},{"@type":"Organization","@id":"https:\/\/canquera.strateges.fr\/es\/#organization","name":"Can Quera","url":"https:\/\/canquera.strateges.fr\/es\/","logo":{"@type":"ImageObject","inLanguage":"es","@id":"https:\/\/canquera.strateges.fr\/es\/#\/schema\/logo\/image\/","url":"https:\/\/canquera.strateges.fr\/wp-content\/uploads\/2025\/11\/logo1-vect-484b15.svg","contentUrl":"https:\/\/canquera.strateges.fr\/wp-content\/uploads\/2025\/11\/logo1-vect-484b15.svg","caption":"Can Quera"},"image":{"@id":"https:\/\/canquera.strateges.fr\/es\/#\/schema\/logo\/image\/"}}]}},"_links":{"self":[{"href":"https:\/\/canquera.strateges.fr\/es\/wp-json\/wp\/v2\/pages\/1036","targetHints":{"allow":["GET"]}}],"collection":[{"href":"https:\/\/canquera.strateges.fr\/es\/wp-json\/wp\/v2\/pages"}],"about":[{"href":"https:\/\/canquera.strateges.fr\/es\/wp-json\/wp\/v2\/types\/page"}],"author":[{"embeddable":true,"href":"https:\/\/canquera.strateges.fr\/es\/wp-json\/wp\/v2\/users\/1"}],"replies":[{"embeddable":true,"href":"https:\/\/canquera.strateges.fr\/es\/wp-json\/wp\/v2\/comments?post=1036"}],"version-history":[{"count":2,"href":"https:\/\/canquera.strateges.fr\/es\/wp-json\/wp\/v2\/pages\/1036\/revisions"}],"predecessor-version":[{"id":1039,"href":"https:\/\/canquera.strateges.fr\/es\/wp-json\/wp\/v2\/pages\/1036\/revisions\/1039"}],"wp:attachment":[{"href":"https:\/\/canquera.strateges.fr\/es\/wp-json\/wp\/v2\/media?parent=1036"}],"curies":[{"name":"wp","href":"https:\/\/api.w.org\/{rel}","templated":true}]}}