{"id":1126,"date":"2025-11-18T17:34:44","date_gmt":"2025-11-18T16:34:44","guid":{"rendered":"https:\/\/canquera.strateges.fr\/la-bodega\/"},"modified":"2026-04-07T11:38:41","modified_gmt":"2026-04-07T09:38:41","slug":"la-bodega","status":"publish","type":"page","link":"https:\/\/canquera.strateges.fr\/es\/la-bodega\/","title":{"rendered":"La Bodega"},"content":{"rendered":"\n<div class=\"wp-block-group alignwide is-layout-flow wp-block-group-is-layout-flow\" style=\"padding-top:0;padding-bottom:0\">\n<div class=\"wp-block-columns is-layout-flex wp-container-core-columns-is-layout-28f84493 wp-block-columns-is-layout-flex\">\n<div class=\"wp-block-column is-vertically-aligned-top animated fadeIn delay-200ms  gbvc-hide-on-mobile is-layout-flow wp-block-column-is-layout-flow\" style=\"flex-basis:40%\">\n<figure class=\"wp-block-image size-full has-custom-border wp-container-content-dc435e0d\" style=\"margin-bottom:var(--wp--preset--spacing--80)\"><img loading=\"lazy\" decoding=\"async\" width=\"726\" height=\"726\" src=\"https:\/\/canquera.strateges.fr\/wp-content\/uploads\/2026\/01\/la-cave-vinification-01.jpg\" alt=\"\" class=\"wp-image-747\" style=\"border-bottom-left-radius:50%\" srcset=\"https:\/\/canquera.strateges.fr\/wp-content\/uploads\/2026\/01\/la-cave-vinification-01.jpg 726w, https:\/\/canquera.strateges.fr\/wp-content\/uploads\/2026\/01\/la-cave-vinification-01-300x300.jpg 300w, https:\/\/canquera.strateges.fr\/wp-content\/uploads\/2026\/01\/la-cave-vinification-01-150x150.jpg 150w, https:\/\/canquera.strateges.fr\/wp-content\/uploads\/2026\/01\/la-cave-vinification-01-600x600.jpg 600w, https:\/\/canquera.strateges.fr\/wp-content\/uploads\/2026\/01\/la-cave-vinification-01-100x100.jpg 100w\" sizes=\"auto, (max-width: 726px) 100vw, 726px\" \/><\/figure>\n<\/div>\n\n\n\n<div class=\"wp-block-column is-vertically-aligned-bottom is-layout-flow wp-block-column-is-layout-flow\" style=\"flex-basis:60%\">\n<div class=\"wp-block-group animated fadeIn delay-500ms has-global-padding is-content-justification-left is-layout-constrained wp-container-core-group-is-layout-74cbbf86 wp-block-group-is-layout-constrained\">\n<h2 class=\"wp-block-heading\">La herramienta de vinificaci\u00f3n<\/h2>\n\n\n\n<p>Justo antes de la vendimia de 2025, la finca finaliz\u00f3 la construcci\u00f3n de su propia bodega, situada en el coraz\u00f3n de la propiedad, en el edificio del antiguo <em>Restaurant de Manrella<\/em>.<\/p>\n\n\n\n<p>Este proyecto ha requerido una inversi\u00f3n importante y una renovaci\u00f3n completa: rehabilitaci\u00f3n integral de los tejados, refuerzo de las estructuras, aislamiento total de los muros y del edificio, con el fin de crear una herramienta de vinificaci\u00f3n tan eficiente como sostenible.<\/p>\n\n\n\n<p>En el interior, la bodega est\u00e1 equipada con una <strong>quincena de dep\u00f3sitos de acero inoxidable<\/strong>, fabricados \u00edntegramente en acero 316, reconocido por su calidad superior, y todos ellos termorregulados para garantizar un control \u00f3ptimo de las fermentaciones.<\/p>\n\n\n\n<p>Una <strong>sala de barricas<\/strong> completa el conjunto, con fudres nuevos de roble franc\u00e9s de 10 y 20 hectolitros, as\u00ed como barricas nuevas de 400 litros de diversas toneler\u00edas, lo que permite diversificar los aportes arom\u00e1ticos de la madera respetando siempre la identidad de los vinos.<\/p>\n\n\n\n<p>Por \u00faltimo, se ha dise\u00f1ado con esmero una zona de recepci\u00f3n de la uva que ofrece unas condiciones de selecci\u00f3n y manipulaci\u00f3n de gran calidad, con el m\u00e1ximo respeto al fruto y al trabajo realizado en el vi\u00f1edo.<\/p>\n<\/div>\n<\/div>\n\n\n\n<div class=\"wp-block-column is-vertically-aligned-top animated fadeIn delay-200ms  gbvc-hide-on-tablet gbvc-hide-on-desktop is-layout-flow wp-block-column-is-layout-flow\" style=\"flex-basis:40%\">\n<figure class=\"wp-block-image size-full has-custom-border wp-container-content-dc435e0d\" style=\"margin-bottom:var(--wp--preset--spacing--80)\"><img loading=\"lazy\" decoding=\"async\" width=\"726\" height=\"726\" src=\"https:\/\/canquera.strateges.fr\/wp-content\/uploads\/2026\/01\/la-cave-vinification-01.jpg\" alt=\"\" class=\"wp-image-747\" style=\"border-bottom-left-radius:50%\" srcset=\"https:\/\/canquera.strateges.fr\/wp-content\/uploads\/2026\/01\/la-cave-vinification-01.jpg 726w, https:\/\/canquera.strateges.fr\/wp-content\/uploads\/2026\/01\/la-cave-vinification-01-300x300.jpg 300w, https:\/\/canquera.strateges.fr\/wp-content\/uploads\/2026\/01\/la-cave-vinification-01-150x150.jpg 150w, https:\/\/canquera.strateges.fr\/wp-content\/uploads\/2026\/01\/la-cave-vinification-01-600x600.jpg 600w, https:\/\/canquera.strateges.fr\/wp-content\/uploads\/2026\/01\/la-cave-vinification-01-100x100.jpg 100w\" sizes=\"auto, (max-width: 726px) 100vw, 726px\" \/><\/figure>\n<\/div>\n<\/div>\n<\/div>\n\n<div id=\"wp-block-themeisle-blocks-slider-961c6186\" class=\"wp-block-themeisle-blocks-slider alignwide glide animated fadeIn\" data-per-view=\"2\" data-gap=\"35\" data-peek=\"0\" data-autoplay=\"true\" data-height=\"400px\" data-hide-arrows=\"true\" data-transition=\"ease-in-out\"><div class=\"glide__track\" data-glide-el=\"track\"><div class=\"glide__slides\"><div class=\"wp-block-themeisle-blocks-slider-item-wrapper glide__slide\" tabindex=\"0\"><figure><img decoding=\"async\" class=\"wp-block-themeisle-blocks-slider-item\" src=\"https:\/\/canquera.strateges.fr\/wp-content\/uploads\/2026\/01\/1000209990.jpg\" alt=\"\" title=\"\" data-id=\"830\"><\/figure><\/div><div class=\"wp-block-themeisle-blocks-slider-item-wrapper glide__slide\" tabindex=\"0\"><figure><img decoding=\"async\" class=\"wp-block-themeisle-blocks-slider-item\" src=\"https:\/\/canquera.strateges.fr\/wp-content\/uploads\/2026\/01\/1000209991.jpg\" alt=\"\" title=\"\" data-id=\"831\"><\/figure><\/div><div class=\"wp-block-themeisle-blocks-slider-item-wrapper glide__slide\" tabindex=\"0\"><figure><img decoding=\"async\" class=\"wp-block-themeisle-blocks-slider-item\" src=\"https:\/\/canquera.strateges.fr\/wp-content\/uploads\/2026\/01\/1000209995.jpg\" alt=\"\" title=\"\" data-id=\"832\"><\/figure><\/div><div class=\"wp-block-themeisle-blocks-slider-item-wrapper glide__slide\" tabindex=\"0\"><figure><img decoding=\"async\" class=\"wp-block-themeisle-blocks-slider-item\" src=\"https:\/\/canquera.strateges.fr\/wp-content\/uploads\/2026\/01\/1000209997.jpg\" alt=\"\" title=\"\" data-id=\"833\"><\/figure><\/div><\/div><\/div><\/div>\n\n<div class=\"wp-block-group alignwide has-global-padding is-layout-constrained wp-block-group-is-layout-constrained\" style=\"margin-bottom:var(--wp--preset--spacing--50);padding-bottom:0\">\n<div class=\"wp-block-columns alignwide is-layout-flex wp-container-core-columns-is-layout-28f84493 wp-block-columns-is-layout-flex\">\n<div class=\"wp-block-column is-vertically-aligned-center is-layout-flow wp-block-column-is-layout-flow\" style=\"flex-basis:40%\">\n<div class=\"wp-block-group animated fadeIn delay-200ms has-global-padding is-content-justification-right is-layout-constrained wp-container-core-group-is-layout-b19928fb wp-block-group-is-layout-constrained\" style=\"margin-top:0;margin-bottom:0;padding-top:0;padding-right:0;padding-bottom:0;padding-left:0\">\n<h2 class=\"wp-block-heading\">La Vendimia<\/h2>\n\n\n\n<p>Toda la vendimia se realiza de forma natural a mano y en el momento de maduraci\u00f3n \u00f3ptima, respetando los aromas propios de cada variedad.<\/p>\n\n\n\n<p>La cosecha se lleva a cabo en palots especialmente adaptados para la vendimia. Cada vendimiador deposita directamente su cubo en el palot, situado en un remolque que avanza permanentemente al ritmo del equipo. Este dispositivo limita considerablemente los desplazamientos y las manipulaciones innecesarias.<\/p>\n\n\n\n<p>Este modo de funcionamiento presenta numerosas ventajas: una distancia m\u00ednima entre la cepa y el contenedor, una manipulaci\u00f3n delicada de los racimos y una primera selecci\u00f3n realizada directamente por el vendimiador. Posteriormente, una persona dedicada a ello asegura una segunda selecci\u00f3n al depositar los cubos en el palot.<\/p>\n\n\n\n<p>A continuaci\u00f3n, las uvas se trasladan de inmediato a la bodega, donde se descargan por gravedad en la zona de recepci\u00f3n de la vendimia. De este modo, las bayas no sufren ning\u00fan tipo de trituraci\u00f3n ni da\u00f1o, lo que garantiza la integridad del fruto y la calidad de los mostos desde su llegada a la bodega.<\/p>\n<\/div>\n<\/div>\n\n\n\n<div class=\"wp-block-column is-layout-flow wp-block-column-is-layout-flow\" style=\"flex-basis:60%\">\n<figure class=\"wp-block-image alignright size-full has-custom-border animated fadeIn delay-500ms\"><img loading=\"lazy\" decoding=\"async\" width=\"739\" height=\"739\" src=\"https:\/\/canquera.strateges.fr\/wp-content\/uploads\/2025\/12\/vendanges-01.jpg\" alt=\"\" class=\"wp-image-546\" style=\"border-top-right-radius:50%\" srcset=\"https:\/\/canquera.strateges.fr\/wp-content\/uploads\/2025\/12\/vendanges-01.jpg 739w, https:\/\/canquera.strateges.fr\/wp-content\/uploads\/2025\/12\/vendanges-01-300x300.jpg 300w, https:\/\/canquera.strateges.fr\/wp-content\/uploads\/2025\/12\/vendanges-01-150x150.jpg 150w, https:\/\/canquera.strateges.fr\/wp-content\/uploads\/2025\/12\/vendanges-01-600x600.jpg 600w, https:\/\/canquera.strateges.fr\/wp-content\/uploads\/2025\/12\/vendanges-01-100x100.jpg 100w\" sizes=\"auto, (max-width: 739px) 100vw, 739px\" \/><\/figure>\n<\/div>\n<\/div>\n\n\n\n\n<div style=\"row-gap: var(--wp--preset--spacing--30); column-gap: 20px; column-count: 3; \" class=\"galleryberg-gallery-container galleryberg-has-lightbox alignwide columns-3 layout-masonry alignwide animated fadeIn delay-500ms wp-block-galleryberg-gallery\" data-open-effect=\"zoom\" data-close-effect=\"zoom\" data-slide-effect=\"slide\" data-keyboard-navigation=\"true\" data-loop=\"true\" data-zoomable=\"true\" data-draggable=\"true\" data-show-lightbox-captions=\"false\">\n\t\n<figure style=\"margin-bottom: var(--wp--preset--spacing--30)\" class=\"wp-block-galleryberg-image galleryberg-image size-large wp-block-galleryberg-image\" id=\"wp-image-659\">\n\t\t\t<img loading=\"lazy\" decoding=\"async\" width=\"1024\" height=\"473\" src=\"https:\/\/canquera.strateges.fr\/wp-content\/uploads\/2025\/12\/canquera-vendanges-08.06.46_e0ac20d3-1024x473.jpg\" class=\"\" alt=\"\" \/>\t\t<\/figure>\n\n\n<figure style=\"margin-bottom: var(--wp--preset--spacing--30)\" class=\"wp-block-galleryberg-image galleryberg-image size-large wp-block-galleryberg-image\" id=\"wp-image-657\">\n\t\t\t<img loading=\"lazy\" decoding=\"async\" width=\"473\" height=\"1024\" src=\"https:\/\/canquera.strateges.fr\/wp-content\/uploads\/2025\/12\/canquera-vendanges-08.06.08_b00faaa4-473x1024.jpg\" class=\"\" alt=\"\" \/>\t\t<\/figure>\n\n\n<figure style=\"margin-bottom: var(--wp--preset--spacing--30)\" class=\"wp-block-galleryberg-image galleryberg-image size-large wp-block-galleryberg-image\" id=\"wp-image-750\">\n\t\t\t<img loading=\"lazy\" decoding=\"async\" width=\"768\" height=\"1024\" src=\"https:\/\/canquera.strateges.fr\/wp-content\/uploads\/2026\/01\/la-cave-01-768x1024.jpg\" class=\"\" alt=\"\" \/>\t\t<\/figure>\n\n\n<figure style=\"margin-bottom: var(--wp--preset--spacing--30)\" class=\"wp-block-galleryberg-image galleryberg-image size-large wp-block-galleryberg-image\" id=\"wp-image-838\">\n\t\t\t<img loading=\"lazy\" decoding=\"async\" width=\"1024\" height=\"470\" src=\"https:\/\/canquera.strateges.fr\/wp-content\/uploads\/2026\/01\/vendanges-01-1024x470.jpg\" class=\"\" alt=\"\" \/>\t\t<\/figure>\n\n\n<figure style=\"margin-bottom: var(--wp--preset--spacing--30)\" class=\"wp-block-galleryberg-image galleryberg-image size-large wp-block-galleryberg-image\" id=\"wp-image-520\">\n\t\t\t<img loading=\"lazy\" decoding=\"async\" width=\"1024\" height=\"1024\" src=\"https:\/\/canquera.strateges.fr\/wp-content\/uploads\/2025\/12\/les-cepages-01-1024x1024.jpg\" class=\"\" alt=\"\" \/>\t\t<\/figure>\n\n\n<figure style=\"margin-bottom: var(--wp--preset--spacing--30)\" class=\"wp-block-galleryberg-image galleryberg-image size-large wp-block-galleryberg-image\" id=\"wp-image-658\">\n\t\t\t<img loading=\"lazy\" decoding=\"async\" width=\"473\" height=\"1024\" src=\"https:\/\/canquera.strateges.fr\/wp-content\/uploads\/2025\/12\/canquera-vendanges-08.06.46_31f19163-473x1024.jpg\" class=\"\" alt=\"\" \/>\t\t<\/figure>\n\n<\/div>\n<\/div>\n","protected":false},"excerpt":{"rendered":"<p>La herramienta de vinificaci\u00f3n Justo antes de la vendimia de 2025, la finca finaliz\u00f3 la construcci\u00f3n de su propia bodega, situada en el coraz\u00f3n de la propiedad, en el edificio del antiguo Restaurant de Manrella. Este proyecto ha requerido una inversi\u00f3n importante y una renovaci\u00f3n completa: rehabilitaci\u00f3n integral de los tejados, refuerzo de las estructuras, [&hellip;]<\/p>\n","protected":false},"author":1,"featured_media":0,"parent":0,"menu_order":0,"comment_status":"closed","ping_status":"closed","template":"","meta":{"inline_featured_image":false,"_themeisle_gutenberg_block_has_review":false,"footnotes":""},"class_list":["post-1126","page","type-page","status-publish","hentry"],"yoast_head":"<!-- This site is optimized with the Yoast SEO plugin v27.3 - https:\/\/yoast.com\/product\/yoast-seo-wordpress\/ -->\n<title>La Bodega - Can Quera<\/title>\n<meta name=\"robots\" content=\"index, follow, max-snippet:-1, max-image-preview:large, max-video-preview:-1\" \/>\n<link rel=\"canonical\" href=\"https:\/\/canquera.strateges.fr\/es\/la-bodega\/\" \/>\n<meta property=\"og:locale\" content=\"es_ES\" \/>\n<meta property=\"og:type\" content=\"article\" \/>\n<meta property=\"og:title\" content=\"La Bodega - Can Quera\" \/>\n<meta property=\"og:description\" content=\"La herramienta de vinificaci\u00f3n Justo antes de la vendimia de 2025, la finca finaliz\u00f3 la construcci\u00f3n de su propia bodega, situada en el coraz\u00f3n de la propiedad, en el edificio del antiguo Restaurant de Manrella. Este proyecto ha requerido una inversi\u00f3n importante y una renovaci\u00f3n completa: rehabilitaci\u00f3n integral de los tejados, refuerzo de las estructuras, [&hellip;]\" \/>\n<meta property=\"og:url\" content=\"https:\/\/canquera.strateges.fr\/es\/la-bodega\/\" \/>\n<meta property=\"og:site_name\" content=\"Can Quera\" \/>\n<meta property=\"article:modified_time\" content=\"2026-04-07T09:38:41+00:00\" \/>\n<meta property=\"og:image\" content=\"https:\/\/canquera.strateges.fr\/wp-content\/uploads\/2026\/01\/la-cave-vinification-01.jpg\" \/>\n\t<meta property=\"og:image:width\" content=\"726\" \/>\n\t<meta property=\"og:image:height\" content=\"726\" \/>\n\t<meta property=\"og:image:type\" content=\"image\/jpeg\" \/>\n<meta name=\"twitter:card\" content=\"summary_large_image\" \/>\n<meta name=\"twitter:label1\" content=\"Tiempo de lectura\" \/>\n\t<meta name=\"twitter:data1\" content=\"2 minutos\" \/>\n<script type=\"application\/ld+json\" class=\"yoast-schema-graph\">{\"@context\":\"https:\\\/\\\/schema.org\",\"@graph\":[{\"@type\":\"WebPage\",\"@id\":\"https:\\\/\\\/canquera.strateges.fr\\\/es\\\/la-bodega\\\/\",\"url\":\"https:\\\/\\\/canquera.strateges.fr\\\/es\\\/la-bodega\\\/\",\"name\":\"La Bodega - Can Quera\",\"isPartOf\":{\"@id\":\"https:\\\/\\\/canquera.strateges.fr\\\/es\\\/#website\"},\"primaryImageOfPage\":{\"@id\":\"https:\\\/\\\/canquera.strateges.fr\\\/es\\\/la-bodega\\\/#primaryimage\"},\"image\":{\"@id\":\"https:\\\/\\\/canquera.strateges.fr\\\/es\\\/la-bodega\\\/#primaryimage\"},\"thumbnailUrl\":\"https:\\\/\\\/canquera.strateges.fr\\\/wp-content\\\/uploads\\\/2026\\\/01\\\/la-cave-vinification-01.jpg\",\"datePublished\":\"2025-11-18T16:34:44+00:00\",\"dateModified\":\"2026-04-07T09:38:41+00:00\",\"breadcrumb\":{\"@id\":\"https:\\\/\\\/canquera.strateges.fr\\\/es\\\/la-bodega\\\/#breadcrumb\"},\"inLanguage\":\"es\",\"potentialAction\":[{\"@type\":\"ReadAction\",\"target\":[\"https:\\\/\\\/canquera.strateges.fr\\\/es\\\/la-bodega\\\/\"]}]},{\"@type\":\"ImageObject\",\"inLanguage\":\"es\",\"@id\":\"https:\\\/\\\/canquera.strateges.fr\\\/es\\\/la-bodega\\\/#primaryimage\",\"url\":\"https:\\\/\\\/canquera.strateges.fr\\\/wp-content\\\/uploads\\\/2026\\\/01\\\/la-cave-vinification-01.jpg\",\"contentUrl\":\"https:\\\/\\\/canquera.strateges.fr\\\/wp-content\\\/uploads\\\/2026\\\/01\\\/la-cave-vinification-01.jpg\"},{\"@type\":\"BreadcrumbList\",\"@id\":\"https:\\\/\\\/canquera.strateges.fr\\\/es\\\/la-bodega\\\/#breadcrumb\",\"itemListElement\":[{\"@type\":\"ListItem\",\"position\":1,\"name\":\"Accueil\",\"item\":\"https:\\\/\\\/canquera.strateges.fr\\\/es\\\/\"},{\"@type\":\"ListItem\",\"position\":2,\"name\":\"La Bodega\"}]},{\"@type\":\"WebSite\",\"@id\":\"https:\\\/\\\/canquera.strateges.fr\\\/es\\\/#website\",\"url\":\"https:\\\/\\\/canquera.strateges.fr\\\/es\\\/\",\"name\":\"Can Quera\",\"description\":\"\",\"publisher\":{\"@id\":\"https:\\\/\\\/canquera.strateges.fr\\\/es\\\/#organization\"},\"potentialAction\":[{\"@type\":\"SearchAction\",\"target\":{\"@type\":\"EntryPoint\",\"urlTemplate\":\"https:\\\/\\\/canquera.strateges.fr\\\/es\\\/?s={search_term_string}\"},\"query-input\":{\"@type\":\"PropertyValueSpecification\",\"valueRequired\":true,\"valueName\":\"search_term_string\"}}],\"inLanguage\":\"es\"},{\"@type\":\"Organization\",\"@id\":\"https:\\\/\\\/canquera.strateges.fr\\\/es\\\/#organization\",\"name\":\"Can Quera\",\"url\":\"https:\\\/\\\/canquera.strateges.fr\\\/es\\\/\",\"logo\":{\"@type\":\"ImageObject\",\"inLanguage\":\"es\",\"@id\":\"https:\\\/\\\/canquera.strateges.fr\\\/es\\\/#\\\/schema\\\/logo\\\/image\\\/\",\"url\":\"https:\\\/\\\/canquera.strateges.fr\\\/wp-content\\\/uploads\\\/2025\\\/11\\\/logo1-vect-484b15.svg\",\"contentUrl\":\"https:\\\/\\\/canquera.strateges.fr\\\/wp-content\\\/uploads\\\/2025\\\/11\\\/logo1-vect-484b15.svg\",\"caption\":\"Can Quera\"},\"image\":{\"@id\":\"https:\\\/\\\/canquera.strateges.fr\\\/es\\\/#\\\/schema\\\/logo\\\/image\\\/\"}}]}<\/script>\n<!-- \/ Yoast SEO plugin. -->","yoast_head_json":{"title":"La Bodega - Can Quera","robots":{"index":"index","follow":"follow","max-snippet":"max-snippet:-1","max-image-preview":"max-image-preview:large","max-video-preview":"max-video-preview:-1"},"canonical":"https:\/\/canquera.strateges.fr\/es\/la-bodega\/","og_locale":"es_ES","og_type":"article","og_title":"La Bodega - Can Quera","og_description":"La herramienta de vinificaci\u00f3n Justo antes de la vendimia de 2025, la finca finaliz\u00f3 la construcci\u00f3n de su propia bodega, situada en el coraz\u00f3n de la propiedad, en el edificio del antiguo Restaurant de Manrella. Este proyecto ha requerido una inversi\u00f3n importante y una renovaci\u00f3n completa: rehabilitaci\u00f3n integral de los tejados, refuerzo de las estructuras, [&hellip;]","og_url":"https:\/\/canquera.strateges.fr\/es\/la-bodega\/","og_site_name":"Can Quera","article_modified_time":"2026-04-07T09:38:41+00:00","og_image":[{"width":726,"height":726,"url":"https:\/\/canquera.strateges.fr\/wp-content\/uploads\/2026\/01\/la-cave-vinification-01.jpg","type":"image\/jpeg"}],"twitter_card":"summary_large_image","twitter_misc":{"Tiempo de lectura":"2 minutos"},"schema":{"@context":"https:\/\/schema.org","@graph":[{"@type":"WebPage","@id":"https:\/\/canquera.strateges.fr\/es\/la-bodega\/","url":"https:\/\/canquera.strateges.fr\/es\/la-bodega\/","name":"La Bodega - Can Quera","isPartOf":{"@id":"https:\/\/canquera.strateges.fr\/es\/#website"},"primaryImageOfPage":{"@id":"https:\/\/canquera.strateges.fr\/es\/la-bodega\/#primaryimage"},"image":{"@id":"https:\/\/canquera.strateges.fr\/es\/la-bodega\/#primaryimage"},"thumbnailUrl":"https:\/\/canquera.strateges.fr\/wp-content\/uploads\/2026\/01\/la-cave-vinification-01.jpg","datePublished":"2025-11-18T16:34:44+00:00","dateModified":"2026-04-07T09:38:41+00:00","breadcrumb":{"@id":"https:\/\/canquera.strateges.fr\/es\/la-bodega\/#breadcrumb"},"inLanguage":"es","potentialAction":[{"@type":"ReadAction","target":["https:\/\/canquera.strateges.fr\/es\/la-bodega\/"]}]},{"@type":"ImageObject","inLanguage":"es","@id":"https:\/\/canquera.strateges.fr\/es\/la-bodega\/#primaryimage","url":"https:\/\/canquera.strateges.fr\/wp-content\/uploads\/2026\/01\/la-cave-vinification-01.jpg","contentUrl":"https:\/\/canquera.strateges.fr\/wp-content\/uploads\/2026\/01\/la-cave-vinification-01.jpg"},{"@type":"BreadcrumbList","@id":"https:\/\/canquera.strateges.fr\/es\/la-bodega\/#breadcrumb","itemListElement":[{"@type":"ListItem","position":1,"name":"Accueil","item":"https:\/\/canquera.strateges.fr\/es\/"},{"@type":"ListItem","position":2,"name":"La Bodega"}]},{"@type":"WebSite","@id":"https:\/\/canquera.strateges.fr\/es\/#website","url":"https:\/\/canquera.strateges.fr\/es\/","name":"Can Quera","description":"","publisher":{"@id":"https:\/\/canquera.strateges.fr\/es\/#organization"},"potentialAction":[{"@type":"SearchAction","target":{"@type":"EntryPoint","urlTemplate":"https:\/\/canquera.strateges.fr\/es\/?s={search_term_string}"},"query-input":{"@type":"PropertyValueSpecification","valueRequired":true,"valueName":"search_term_string"}}],"inLanguage":"es"},{"@type":"Organization","@id":"https:\/\/canquera.strateges.fr\/es\/#organization","name":"Can Quera","url":"https:\/\/canquera.strateges.fr\/es\/","logo":{"@type":"ImageObject","inLanguage":"es","@id":"https:\/\/canquera.strateges.fr\/es\/#\/schema\/logo\/image\/","url":"https:\/\/canquera.strateges.fr\/wp-content\/uploads\/2025\/11\/logo1-vect-484b15.svg","contentUrl":"https:\/\/canquera.strateges.fr\/wp-content\/uploads\/2025\/11\/logo1-vect-484b15.svg","caption":"Can Quera"},"image":{"@id":"https:\/\/canquera.strateges.fr\/es\/#\/schema\/logo\/image\/"}}]}},"_links":{"self":[{"href":"https:\/\/canquera.strateges.fr\/es\/wp-json\/wp\/v2\/pages\/1126","targetHints":{"allow":["GET"]}}],"collection":[{"href":"https:\/\/canquera.strateges.fr\/es\/wp-json\/wp\/v2\/pages"}],"about":[{"href":"https:\/\/canquera.strateges.fr\/es\/wp-json\/wp\/v2\/types\/page"}],"author":[{"embeddable":true,"href":"https:\/\/canquera.strateges.fr\/es\/wp-json\/wp\/v2\/users\/1"}],"replies":[{"embeddable":true,"href":"https:\/\/canquera.strateges.fr\/es\/wp-json\/wp\/v2\/comments?post=1126"}],"version-history":[{"count":2,"href":"https:\/\/canquera.strateges.fr\/es\/wp-json\/wp\/v2\/pages\/1126\/revisions"}],"predecessor-version":[{"id":1140,"href":"https:\/\/canquera.strateges.fr\/es\/wp-json\/wp\/v2\/pages\/1126\/revisions\/1140"}],"wp:attachment":[{"href":"https:\/\/canquera.strateges.fr\/es\/wp-json\/wp\/v2\/media?parent=1126"}],"curies":[{"name":"wp","href":"https:\/\/api.w.org\/{rel}","templated":true}]}}