{"id":1084,"date":"2025-11-19T15:52:46","date_gmt":"2025-11-19T14:52:46","guid":{"rendered":"https:\/\/canquera.strateges.fr\/produit\/aceite-de-oliva\/"},"modified":"2026-04-07T11:37:29","modified_gmt":"2026-04-07T09:37:29","slug":"aceite-de-oliva","status":"publish","type":"product","link":"https:\/\/canquera.strateges.fr\/es\/produit\/aceite-de-oliva\/","title":{"rendered":"Aceite de oliva"},"content":{"rendered":"\n<div class=\"wp-block-columns is-layout-flex wp-container-core-columns-is-layout-9a01b68c wp-block-columns-is-layout-flex\">\n<div class=\"wp-block-column animated fadeIn delay-1s  gbvc-hide-on-tablet gbvc-hide-on-desktop is-layout-flow wp-block-column-is-layout-flow\">\n<div class=\"wp-block-group has-global-padding is-layout-constrained wp-container-core-group-is-layout-e7ddf3c4 wp-block-group-is-layout-constrained\" style=\"margin-top:0;margin-bottom:0;padding-top:var(--wp--preset--spacing--20);padding-right:0;padding-bottom:var(--wp--preset--spacing--50);padding-left:0\">\n<p>Disponemos de 4,5 hect\u00e1reas de olivos, la gran mayor\u00eda pluricentenarios.<br\/>La variedad es principalmente ARGUDELL, una aceituna bastante peque\u00f1a pero de una calidad excepcional. Considerada aqu\u00ed, en Catalu\u00f1a, como la mejor. <\/p>\n\n\n\n<p>Recolectada por nosotros a mano y con un control \u00f3ptimo de la madurez: no demasiado verde para evitar notas demasiado \u00e1cidas, pero tampoco negra para evitar un aceite amarillento y con el aroma degradado.<\/p>\n\n\n\n<p>De hecho, nuestro aceite cuenta con la unanimidad de los conocedores.<\/p>\n\n\n\n<p>Todos nuestros olivos se cultivan en agricultura ecol\u00f3gica.<\/p>\n<\/div>\n<\/div>\n\n\n\n<div class=\"wp-block-column animated fadeIn delay-500ms is-layout-flow wp-block-column-is-layout-flow\" style=\"flex-basis:66%\">\n<div class=\"wp-block-columns is-layout-flex wp-container-core-columns-is-layout-87beb0d0 wp-block-columns-is-layout-flex\">\n<div class=\"wp-block-column is-layout-flow wp-block-column-is-layout-flow\">\n<figure class=\"wp-block-image aligncenter size-large\"><img loading=\"lazy\" decoding=\"async\" width=\"768\" height=\"1024\" src=\"https:\/\/canquera.strateges.fr\/wp-content\/uploads\/2025\/11\/20250507_104846-768x1024.jpg\" alt=\"\" class=\"wp-image-721\" srcset=\"https:\/\/canquera.strateges.fr\/wp-content\/uploads\/2025\/11\/20250507_104846-768x1024.jpg 768w, https:\/\/canquera.strateges.fr\/wp-content\/uploads\/2025\/11\/20250507_104846-225x300.jpg 225w, https:\/\/canquera.strateges.fr\/wp-content\/uploads\/2025\/11\/20250507_104846-1152x1536.jpg 1152w, https:\/\/canquera.strateges.fr\/wp-content\/uploads\/2025\/11\/20250507_104846-600x800.jpg 600w, https:\/\/canquera.strateges.fr\/wp-content\/uploads\/2025\/11\/20250507_104846.jpg 1350w\" sizes=\"auto, (max-width: 768px) 100vw, 768px\" \/><\/figure>\n\n\n\n<figure class=\"wp-block-image aligncenter size-large\"><img loading=\"lazy\" decoding=\"async\" width=\"768\" height=\"1024\" src=\"https:\/\/canquera.strateges.fr\/wp-content\/uploads\/2025\/11\/1000184591-768x1024.jpg\" alt=\"\" class=\"wp-image-718\" srcset=\"https:\/\/canquera.strateges.fr\/wp-content\/uploads\/2025\/11\/1000184591-768x1024.jpg 768w, https:\/\/canquera.strateges.fr\/wp-content\/uploads\/2025\/11\/1000184591-225x300.jpg 225w, https:\/\/canquera.strateges.fr\/wp-content\/uploads\/2025\/11\/1000184591-1152x1536.jpg 1152w, https:\/\/canquera.strateges.fr\/wp-content\/uploads\/2025\/11\/1000184591-600x800.jpg 600w, https:\/\/canquera.strateges.fr\/wp-content\/uploads\/2025\/11\/1000184591.jpg 1350w\" sizes=\"auto, (max-width: 768px) 100vw, 768px\" \/><\/figure>\n\n\n\n<figure class=\"wp-block-image aligncenter size-large has-custom-border  gbvc-hide-on-mobile gbvc-hide-on-mobile\"><img loading=\"lazy\" decoding=\"async\" width=\"1024\" height=\"1024\" src=\"https:\/\/canquera.strateges.fr\/wp-content\/uploads\/2025\/11\/can-quera-oliviers-01-1024x1024.jpg\" alt=\"\" class=\"wp-image-852\" style=\"border-bottom-left-radius:50%\" srcset=\"https:\/\/canquera.strateges.fr\/wp-content\/uploads\/2025\/11\/can-quera-oliviers-01-1024x1024.jpg 1024w, https:\/\/canquera.strateges.fr\/wp-content\/uploads\/2025\/11\/can-quera-oliviers-01-300x300.jpg 300w, https:\/\/canquera.strateges.fr\/wp-content\/uploads\/2025\/11\/can-quera-oliviers-01-150x150.jpg 150w, https:\/\/canquera.strateges.fr\/wp-content\/uploads\/2025\/11\/can-quera-oliviers-01-768x768.jpg 768w, https:\/\/canquera.strateges.fr\/wp-content\/uploads\/2025\/11\/can-quera-oliviers-01-600x600.jpg 600w, https:\/\/canquera.strateges.fr\/wp-content\/uploads\/2025\/11\/can-quera-oliviers-01-100x100.jpg 100w, https:\/\/canquera.strateges.fr\/wp-content\/uploads\/2025\/11\/can-quera-oliviers-01.jpg 1266w\" sizes=\"auto, (max-width: 1024px) 100vw, 1024px\" \/><\/figure>\n<\/div>\n\n\n\n<div class=\"wp-block-column is-layout-flow wp-block-column-is-layout-flow\">\n<figure class=\"wp-block-video\"><video height=\"1920\" style=\"aspect-ratio: 1080 \/ 1920;\" width=\"1080\" autoplay=\"\" muted=\"\" src=\"https:\/\/canquera.strateges.fr\/wp-content\/uploads\/2025\/11\/huile-olive-01.webm\" playsinline=\"\"><\/video><\/figure>\n\n\n\n<figure class=\"wp-block-image aligncenter size-large\"><img loading=\"lazy\" decoding=\"async\" width=\"768\" height=\"1024\" src=\"https:\/\/canquera.strateges.fr\/wp-content\/uploads\/2025\/11\/olives-can-quera-01-768x1024.jpg\" alt=\"\" class=\"wp-image-815\" srcset=\"https:\/\/canquera.strateges.fr\/wp-content\/uploads\/2025\/11\/olives-can-quera-01-768x1024.jpg 768w, https:\/\/canquera.strateges.fr\/wp-content\/uploads\/2025\/11\/olives-can-quera-01-225x300.jpg 225w, https:\/\/canquera.strateges.fr\/wp-content\/uploads\/2025\/11\/olives-can-quera-01-600x800.jpg 600w, https:\/\/canquera.strateges.fr\/wp-content\/uploads\/2025\/11\/olives-can-quera-01.jpg 900w\" sizes=\"auto, (max-width: 768px) 100vw, 768px\" \/><\/figure>\n\n\n\n<figure class=\"wp-block-image aligncenter size-large has-custom-border  gbvc-hide-on-tablet gbvc-hide-on-desktop gbvc-hide-on-tablet gbvc-hide-on-desktop\"><img loading=\"lazy\" decoding=\"async\" width=\"1024\" height=\"1024\" src=\"https:\/\/canquera.strateges.fr\/wp-content\/uploads\/2025\/11\/can-quera-oliviers-01-1024x1024.jpg\" alt=\"\" class=\"wp-image-852\" style=\"border-bottom-left-radius:50%\" srcset=\"https:\/\/canquera.strateges.fr\/wp-content\/uploads\/2025\/11\/can-quera-oliviers-01-1024x1024.jpg 1024w, https:\/\/canquera.strateges.fr\/wp-content\/uploads\/2025\/11\/can-quera-oliviers-01-300x300.jpg 300w, https:\/\/canquera.strateges.fr\/wp-content\/uploads\/2025\/11\/can-quera-oliviers-01-150x150.jpg 150w, https:\/\/canquera.strateges.fr\/wp-content\/uploads\/2025\/11\/can-quera-oliviers-01-768x768.jpg 768w, https:\/\/canquera.strateges.fr\/wp-content\/uploads\/2025\/11\/can-quera-oliviers-01-600x600.jpg 600w, https:\/\/canquera.strateges.fr\/wp-content\/uploads\/2025\/11\/can-quera-oliviers-01-100x100.jpg 100w, https:\/\/canquera.strateges.fr\/wp-content\/uploads\/2025\/11\/can-quera-oliviers-01.jpg 1266w\" sizes=\"auto, (max-width: 1024px) 100vw, 1024px\" \/><\/figure>\n<\/div>\n<\/div>\n<\/div>\n\n\n\n<div class=\"wp-block-column animated fadeIn delay-1s  gbvc-hide-on-mobile is-layout-flow wp-block-column-is-layout-flow\">\n<div class=\"wp-block-group has-global-padding is-layout-constrained wp-container-core-group-is-layout-65219610 wp-block-group-is-layout-constrained wp-container-2 is-position-sticky\" style=\"margin-top:0;margin-bottom:0;padding-top:var(--wp--preset--spacing--20);padding-right:0;padding-bottom:var(--wp--preset--spacing--20);padding-left:0\">\n<p>Disponemos de 4,5 hect\u00e1reas de olivos, la gran mayor\u00eda pluricentenarios.<br\/>La variedad es principalmente ARGUDELL, una aceituna bastante peque\u00f1a pero de una calidad excepcional. Considerada aqu\u00ed, en Catalu\u00f1a, como la mejor. <\/p>\n\n\n\n<p>Recolectada por nosotros a mano y con un control \u00f3ptimo de la madurez: no demasiado verde para evitar notas demasiado \u00e1cidas, pero tampoco negra para evitar un aceite amarillento y con el aroma degradado.<\/p>\n\n\n\n<p>De hecho, nuestro aceite cuenta con la unanimidad de los conocedores.<\/p>\n\n\n\n<p>Todos nuestros olivos se cultivan en agricultura ecol\u00f3gica.<\/p>\n<\/div>\n<\/div>\n<\/div>\n","protected":false},"excerpt":{"rendered":"<p>Disponemos de 4,5 hect\u00e1reas de olivos, la gran mayor\u00eda pluricentenarios. La variedad es principalmente ARGUDELL, una aceituna bastante peque\u00f1a pero de una calidad excepcional. Considerada aqu\u00ed, en Catalu\u00f1a, como la mejor. Recolectada por nosotros a mano y con un control \u00f3ptimo de la madurez: no demasiado verde para evitar notas demasiado \u00e1cidas, pero tampoco negra para evitar un aceite amarillento y con el aroma degradado. De hecho, nuestro aceite cuenta con la unanimidad de los conocedores. Todos nuestros olivos se cultivan en agricultura ecol\u00f3gica.     <\/p>\n","protected":false},"featured_media":761,"template":"","meta":{"inline_featured_image":false,"_themeisle_gutenberg_block_has_review":false},"product_brand":[],"product_cat":[43],"product_tag":[],"class_list":{"0":"post-1084","1":"product","2":"type-product","3":"status-publish","4":"has-post-thumbnail","6":"product_cat-nuestro-aceite-de-oliva","8":"first","9":"instock","10":"shipping-taxable","11":"purchasable","12":"product-type-simple"},"yoast_head":"<!-- This site is optimized with the Yoast SEO plugin v27.3 - https:\/\/yoast.com\/product\/yoast-seo-wordpress\/ -->\n<title>Aceite de oliva - Can Quera<\/title>\n<meta name=\"robots\" content=\"index, follow, max-snippet:-1, max-image-preview:large, max-video-preview:-1\" \/>\n<link rel=\"canonical\" href=\"https:\/\/canquera.strateges.fr\/es\/produit\/aceite-de-oliva\/\" \/>\n<meta property=\"og:locale\" content=\"es_ES\" \/>\n<meta property=\"og:type\" content=\"article\" \/>\n<meta property=\"og:title\" content=\"Aceite de oliva - Can Quera\" \/>\n<meta property=\"og:description\" content=\"Disponemos de 4,5 hect\u00e1reas de olivos, la gran mayor\u00eda pluricentenarios. La variedad es principalmente ARGUDELL, una aceituna bastante peque\u00f1a pero de una calidad excepcional. Considerada aqu\u00ed, en Catalu\u00f1a, como la mejor. Recolectada por nosotros a mano y con un control \u00f3ptimo de la madurez: no demasiado verde para evitar notas demasiado \u00e1cidas, pero tampoco negra para evitar un aceite amarillento y con el aroma degradado. De hecho, nuestro aceite cuenta con la unanimidad de los conocedores. Todos nuestros olivos se cultivan en agricultura ecol\u00f3gica.\" \/>\n<meta property=\"og:url\" content=\"https:\/\/canquera.strateges.fr\/es\/produit\/aceite-de-oliva\/\" \/>\n<meta property=\"og:site_name\" content=\"Can Quera\" \/>\n<meta property=\"article:modified_time\" content=\"2026-04-07T09:37:29+00:00\" \/>\n<meta property=\"og:image\" content=\"https:\/\/canquera.strateges.fr\/wp-content\/uploads\/2025\/11\/HUILE-DOLIVE-1.jpg\" \/>\n\t<meta property=\"og:image:width\" content=\"2000\" \/>\n\t<meta property=\"og:image:height\" content=\"2000\" \/>\n\t<meta property=\"og:image:type\" content=\"image\/jpeg\" \/>\n<meta name=\"twitter:card\" content=\"summary_large_image\" \/>\n<meta name=\"twitter:label1\" content=\"Tiempo de lectura\" \/>\n\t<meta name=\"twitter:data1\" content=\"1 minuto\" \/>\n<script type=\"application\/ld+json\" class=\"yoast-schema-graph\">{\"@context\":\"https:\\\/\\\/schema.org\",\"@graph\":[{\"@type\":\"WebPage\",\"@id\":\"https:\\\/\\\/canquera.strateges.fr\\\/es\\\/produit\\\/aceite-de-oliva\\\/\",\"url\":\"https:\\\/\\\/canquera.strateges.fr\\\/es\\\/produit\\\/aceite-de-oliva\\\/\",\"name\":\"Aceite de oliva - Can Quera\",\"isPartOf\":{\"@id\":\"https:\\\/\\\/canquera.strateges.fr\\\/es\\\/#website\"},\"primaryImageOfPage\":{\"@id\":\"https:\\\/\\\/canquera.strateges.fr\\\/es\\\/produit\\\/aceite-de-oliva\\\/#primaryimage\"},\"image\":{\"@id\":\"https:\\\/\\\/canquera.strateges.fr\\\/es\\\/produit\\\/aceite-de-oliva\\\/#primaryimage\"},\"thumbnailUrl\":\"https:\\\/\\\/canquera.strateges.fr\\\/wp-content\\\/uploads\\\/2025\\\/11\\\/HUILE-DOLIVE-1.jpg\",\"datePublished\":\"2025-11-19T14:52:46+00:00\",\"dateModified\":\"2026-04-07T09:37:29+00:00\",\"breadcrumb\":{\"@id\":\"https:\\\/\\\/canquera.strateges.fr\\\/es\\\/produit\\\/aceite-de-oliva\\\/#breadcrumb\"},\"inLanguage\":\"es\",\"potentialAction\":[{\"@type\":\"ReadAction\",\"target\":[\"https:\\\/\\\/canquera.strateges.fr\\\/es\\\/produit\\\/aceite-de-oliva\\\/\"]}]},{\"@type\":\"ImageObject\",\"inLanguage\":\"es\",\"@id\":\"https:\\\/\\\/canquera.strateges.fr\\\/es\\\/produit\\\/aceite-de-oliva\\\/#primaryimage\",\"url\":\"https:\\\/\\\/canquera.strateges.fr\\\/wp-content\\\/uploads\\\/2025\\\/11\\\/HUILE-DOLIVE-1.jpg\",\"contentUrl\":\"https:\\\/\\\/canquera.strateges.fr\\\/wp-content\\\/uploads\\\/2025\\\/11\\\/HUILE-DOLIVE-1.jpg\",\"width\":2000,\"height\":2000},{\"@type\":\"BreadcrumbList\",\"@id\":\"https:\\\/\\\/canquera.strateges.fr\\\/es\\\/produit\\\/aceite-de-oliva\\\/#breadcrumb\",\"itemListElement\":[{\"@type\":\"ListItem\",\"position\":1,\"name\":\"Accueil\",\"item\":\"https:\\\/\\\/canquera.strateges.fr\\\/es\\\/\"},{\"@type\":\"ListItem\",\"position\":2,\"name\":\"Tienda\",\"item\":\"https:\\\/\\\/canquera.strateges.fr\\\/boutique\\\/\"},{\"@type\":\"ListItem\",\"position\":3,\"name\":\"Aceite de oliva\"}]},{\"@type\":\"WebSite\",\"@id\":\"https:\\\/\\\/canquera.strateges.fr\\\/es\\\/#website\",\"url\":\"https:\\\/\\\/canquera.strateges.fr\\\/es\\\/\",\"name\":\"Can Quera\",\"description\":\"\",\"publisher\":{\"@id\":\"https:\\\/\\\/canquera.strateges.fr\\\/es\\\/#organization\"},\"potentialAction\":[{\"@type\":\"SearchAction\",\"target\":{\"@type\":\"EntryPoint\",\"urlTemplate\":\"https:\\\/\\\/canquera.strateges.fr\\\/es\\\/?s={search_term_string}\"},\"query-input\":{\"@type\":\"PropertyValueSpecification\",\"valueRequired\":true,\"valueName\":\"search_term_string\"}}],\"inLanguage\":\"es\"},{\"@type\":\"Organization\",\"@id\":\"https:\\\/\\\/canquera.strateges.fr\\\/es\\\/#organization\",\"name\":\"Can Quera\",\"url\":\"https:\\\/\\\/canquera.strateges.fr\\\/es\\\/\",\"logo\":{\"@type\":\"ImageObject\",\"inLanguage\":\"es\",\"@id\":\"https:\\\/\\\/canquera.strateges.fr\\\/es\\\/#\\\/schema\\\/logo\\\/image\\\/\",\"url\":\"https:\\\/\\\/canquera.strateges.fr\\\/wp-content\\\/uploads\\\/2025\\\/11\\\/logo1-vect-484b15.svg\",\"contentUrl\":\"https:\\\/\\\/canquera.strateges.fr\\\/wp-content\\\/uploads\\\/2025\\\/11\\\/logo1-vect-484b15.svg\",\"caption\":\"Can Quera\"},\"image\":{\"@id\":\"https:\\\/\\\/canquera.strateges.fr\\\/es\\\/#\\\/schema\\\/logo\\\/image\\\/\"}}]}<\/script>\n<!-- \/ Yoast SEO plugin. -->","yoast_head_json":{"title":"Aceite de oliva - Can Quera","robots":{"index":"index","follow":"follow","max-snippet":"max-snippet:-1","max-image-preview":"max-image-preview:large","max-video-preview":"max-video-preview:-1"},"canonical":"https:\/\/canquera.strateges.fr\/es\/produit\/aceite-de-oliva\/","og_locale":"es_ES","og_type":"article","og_title":"Aceite de oliva - Can Quera","og_description":"Disponemos de 4,5 hect\u00e1reas de olivos, la gran mayor\u00eda pluricentenarios. La variedad es principalmente ARGUDELL, una aceituna bastante peque\u00f1a pero de una calidad excepcional. Considerada aqu\u00ed, en Catalu\u00f1a, como la mejor. Recolectada por nosotros a mano y con un control \u00f3ptimo de la madurez: no demasiado verde para evitar notas demasiado \u00e1cidas, pero tampoco negra para evitar un aceite amarillento y con el aroma degradado. De hecho, nuestro aceite cuenta con la unanimidad de los conocedores. Todos nuestros olivos se cultivan en agricultura ecol\u00f3gica.","og_url":"https:\/\/canquera.strateges.fr\/es\/produit\/aceite-de-oliva\/","og_site_name":"Can Quera","article_modified_time":"2026-04-07T09:37:29+00:00","og_image":[{"width":2000,"height":2000,"url":"https:\/\/canquera.strateges.fr\/wp-content\/uploads\/2025\/11\/HUILE-DOLIVE-1.jpg","type":"image\/jpeg"}],"twitter_card":"summary_large_image","twitter_misc":{"Tiempo de lectura":"1 minuto"},"schema":{"@context":"https:\/\/schema.org","@graph":[{"@type":"WebPage","@id":"https:\/\/canquera.strateges.fr\/es\/produit\/aceite-de-oliva\/","url":"https:\/\/canquera.strateges.fr\/es\/produit\/aceite-de-oliva\/","name":"Aceite de oliva - Can Quera","isPartOf":{"@id":"https:\/\/canquera.strateges.fr\/es\/#website"},"primaryImageOfPage":{"@id":"https:\/\/canquera.strateges.fr\/es\/produit\/aceite-de-oliva\/#primaryimage"},"image":{"@id":"https:\/\/canquera.strateges.fr\/es\/produit\/aceite-de-oliva\/#primaryimage"},"thumbnailUrl":"https:\/\/canquera.strateges.fr\/wp-content\/uploads\/2025\/11\/HUILE-DOLIVE-1.jpg","datePublished":"2025-11-19T14:52:46+00:00","dateModified":"2026-04-07T09:37:29+00:00","breadcrumb":{"@id":"https:\/\/canquera.strateges.fr\/es\/produit\/aceite-de-oliva\/#breadcrumb"},"inLanguage":"es","potentialAction":[{"@type":"ReadAction","target":["https:\/\/canquera.strateges.fr\/es\/produit\/aceite-de-oliva\/"]}]},{"@type":"ImageObject","inLanguage":"es","@id":"https:\/\/canquera.strateges.fr\/es\/produit\/aceite-de-oliva\/#primaryimage","url":"https:\/\/canquera.strateges.fr\/wp-content\/uploads\/2025\/11\/HUILE-DOLIVE-1.jpg","contentUrl":"https:\/\/canquera.strateges.fr\/wp-content\/uploads\/2025\/11\/HUILE-DOLIVE-1.jpg","width":2000,"height":2000},{"@type":"BreadcrumbList","@id":"https:\/\/canquera.strateges.fr\/es\/produit\/aceite-de-oliva\/#breadcrumb","itemListElement":[{"@type":"ListItem","position":1,"name":"Accueil","item":"https:\/\/canquera.strateges.fr\/es\/"},{"@type":"ListItem","position":2,"name":"Tienda","item":"https:\/\/canquera.strateges.fr\/boutique\/"},{"@type":"ListItem","position":3,"name":"Aceite de oliva"}]},{"@type":"WebSite","@id":"https:\/\/canquera.strateges.fr\/es\/#website","url":"https:\/\/canquera.strateges.fr\/es\/","name":"Can Quera","description":"","publisher":{"@id":"https:\/\/canquera.strateges.fr\/es\/#organization"},"potentialAction":[{"@type":"SearchAction","target":{"@type":"EntryPoint","urlTemplate":"https:\/\/canquera.strateges.fr\/es\/?s={search_term_string}"},"query-input":{"@type":"PropertyValueSpecification","valueRequired":true,"valueName":"search_term_string"}}],"inLanguage":"es"},{"@type":"Organization","@id":"https:\/\/canquera.strateges.fr\/es\/#organization","name":"Can Quera","url":"https:\/\/canquera.strateges.fr\/es\/","logo":{"@type":"ImageObject","inLanguage":"es","@id":"https:\/\/canquera.strateges.fr\/es\/#\/schema\/logo\/image\/","url":"https:\/\/canquera.strateges.fr\/wp-content\/uploads\/2025\/11\/logo1-vect-484b15.svg","contentUrl":"https:\/\/canquera.strateges.fr\/wp-content\/uploads\/2025\/11\/logo1-vect-484b15.svg","caption":"Can Quera"},"image":{"@id":"https:\/\/canquera.strateges.fr\/es\/#\/schema\/logo\/image\/"}}]}},"_links":{"self":[{"href":"https:\/\/canquera.strateges.fr\/es\/wp-json\/wp\/v2\/product\/1084","targetHints":{"allow":["GET"]}}],"collection":[{"href":"https:\/\/canquera.strateges.fr\/es\/wp-json\/wp\/v2\/product"}],"about":[{"href":"https:\/\/canquera.strateges.fr\/es\/wp-json\/wp\/v2\/types\/product"}],"wp:featuredmedia":[{"embeddable":true,"href":"https:\/\/canquera.strateges.fr\/es\/wp-json\/wp\/v2\/media\/761"}],"wp:attachment":[{"href":"https:\/\/canquera.strateges.fr\/es\/wp-json\/wp\/v2\/media?parent=1084"}],"wp:term":[{"taxonomy":"product_brand","embeddable":true,"href":"https:\/\/canquera.strateges.fr\/es\/wp-json\/wp\/v2\/product_brand?post=1084"},{"taxonomy":"product_cat","embeddable":true,"href":"https:\/\/canquera.strateges.fr\/es\/wp-json\/wp\/v2\/product_cat?post=1084"},{"taxonomy":"product_tag","embeddable":true,"href":"https:\/\/canquera.strateges.fr\/es\/wp-json\/wp\/v2\/product_tag?post=1084"}],"curies":[{"name":"wp","href":"https:\/\/api.w.org\/{rel}","templated":true}]}}